{"id":1174,"date":"2022-01-27T21:39:43","date_gmt":"2022-01-27T21:39:43","guid":{"rendered":"http:\/\/vallis.pt\/private-equity\/"},"modified":"2023-02-13T18:08:39","modified_gmt":"2023-02-13T18:08:39","slug":"private-equity","status":"publish","type":"page","link":"https:\/\/vallis.pt\/en\/private-equity\/","title":{"rendered":"Private Equity"},"content":{"rendered":"\t\t<div data-elementor-type=\"wp-page\" data-elementor-id=\"1174\" class=\"elementor elementor-1174 elementor-998\" data-elementor-post-type=\"page\">\n\t\t\t\t\t\t<section class=\"elementor-section elementor-top-section elementor-element elementor-element-69ceea9 elementor-section-height-min-height elementor-section-content-middle elementor-section-boxed elementor-section-height-default elementor-section-items-middle\" data-id=\"69ceea9\" data-element_type=\"section\" data-e-type=\"section\" data-settings=\"{&quot;jet_parallax_layout_list&quot;:[{&quot;jet_parallax_layout_image&quot;:{&quot;url&quot;:&quot;&quot;,&quot;id&quot;:&quot;&quot;,&quot;size&quot;:&quot;&quot;},&quot;_id&quot;:&quot;d790a93&quot;,&quot;jet_parallax_layout_image_tablet&quot;:{&quot;url&quot;:&quot;&quot;,&quot;id&quot;:&quot;&quot;,&quot;size&quot;:&quot;&quot;},&quot;jet_parallax_layout_image_mobile&quot;:{&quot;url&quot;:&quot;&quot;,&quot;id&quot;:&quot;&quot;,&quot;size&quot;:&quot;&quot;},&quot;jet_parallax_layout_speed&quot;:{&quot;unit&quot;:&quot;%&quot;,&quot;size&quot;:50,&quot;sizes&quot;:[]},&quot;jet_parallax_layout_type&quot;:&quot;scroll&quot;,&quot;jet_parallax_layout_direction&quot;:&quot;1&quot;,&quot;jet_parallax_layout_fx_direction&quot;:null,&quot;jet_parallax_layout_z_index&quot;:&quot;&quot;,&quot;jet_parallax_layout_bg_x&quot;:50,&quot;jet_parallax_layout_bg_x_tablet&quot;:&quot;&quot;,&quot;jet_parallax_layout_bg_x_mobile&quot;:&quot;&quot;,&quot;jet_parallax_layout_bg_y&quot;:50,&quot;jet_parallax_layout_bg_y_tablet&quot;:&quot;&quot;,&quot;jet_parallax_layout_bg_y_mobile&quot;:&quot;&quot;,&quot;jet_parallax_layout_bg_size&quot;:&quot;auto&quot;,&quot;jet_parallax_layout_bg_size_tablet&quot;:&quot;&quot;,&quot;jet_parallax_layout_bg_size_mobile&quot;:&quot;&quot;,&quot;jet_parallax_layout_animation_prop&quot;:&quot;transform&quot;,&quot;jet_parallax_layout_on&quot;:[&quot;desktop&quot;,&quot;tablet&quot;]}],&quot;background_background&quot;:&quot;classic&quot;}\">\n\t\t\t\t\t\t\t<div class=\"elementor-background-overlay\"><\/div>\n\t\t\t\t\t\t\t<div class=\"elementor-container elementor-column-gap-no\">\n\t\t\t\t\t<div class=\"elementor-column elementor-col-100 elementor-top-column elementor-element elementor-element-dd0c5df\" data-id=\"dd0c5df\" data-element_type=\"column\" data-e-type=\"column\">\n\t\t\t<div class=\"elementor-widget-wrap elementor-element-populated\">\n\t\t\t\t\t\t<div class=\"elementor-element elementor-element-a9160e3 elementor-invisible elementor-widget elementor-widget-heading\" data-id=\"a9160e3\" data-element_type=\"widget\" data-e-type=\"widget\" data-settings=\"{&quot;_animation&quot;:&quot;fadeInUp&quot;}\" data-widget_type=\"heading.default\">\n\t\t\t\t<div class=\"elementor-widget-container\">\n\t\t\t\t\t<h1 class=\"elementor-heading-title elementor-size-default\">Private Equity<\/h1>\t\t\t\t<\/div>\n\t\t\t\t<\/div>\n\t\t\t\t\t<\/div>\n\t\t<\/div>\n\t\t\t\t\t<\/div>\n\t\t<\/section>\n\t\t\t\t<section class=\"elementor-section elementor-top-section elementor-element elementor-element-d45a155 elementor-section-items-top elementor-section-height-min-height elementor-section-boxed elementor-section-height-default\" data-id=\"d45a155\" data-element_type=\"section\" data-e-type=\"section\" data-settings=\"{&quot;jet_parallax_layout_list&quot;:[{&quot;jet_parallax_layout_image&quot;:{&quot;url&quot;:&quot;&quot;,&quot;id&quot;:&quot;&quot;,&quot;size&quot;:&quot;&quot;},&quot;_id&quot;:&quot;2d4c5cf&quot;,&quot;jet_parallax_layout_image_tablet&quot;:{&quot;url&quot;:&quot;&quot;,&quot;id&quot;:&quot;&quot;,&quot;size&quot;:&quot;&quot;},&quot;jet_parallax_layout_image_mobile&quot;:{&quot;url&quot;:&quot;&quot;,&quot;id&quot;:&quot;&quot;,&quot;size&quot;:&quot;&quot;},&quot;jet_parallax_layout_speed&quot;:{&quot;unit&quot;:&quot;%&quot;,&quot;size&quot;:50,&quot;sizes&quot;:[]},&quot;jet_parallax_layout_type&quot;:&quot;scroll&quot;,&quot;jet_parallax_layout_direction&quot;:&quot;1&quot;,&quot;jet_parallax_layout_fx_direction&quot;:null,&quot;jet_parallax_layout_z_index&quot;:&quot;&quot;,&quot;jet_parallax_layout_bg_x&quot;:50,&quot;jet_parallax_layout_bg_x_tablet&quot;:&quot;&quot;,&quot;jet_parallax_layout_bg_x_mobile&quot;:&quot;&quot;,&quot;jet_parallax_layout_bg_y&quot;:50,&quot;jet_parallax_layout_bg_y_tablet&quot;:&quot;&quot;,&quot;jet_parallax_layout_bg_y_mobile&quot;:&quot;&quot;,&quot;jet_parallax_layout_bg_size&quot;:&quot;auto&quot;,&quot;jet_parallax_layout_bg_size_tablet&quot;:&quot;&quot;,&quot;jet_parallax_layout_bg_size_mobile&quot;:&quot;&quot;,&quot;jet_parallax_layout_animation_prop&quot;:&quot;transform&quot;,&quot;jet_parallax_layout_on&quot;:[&quot;desktop&quot;,&quot;tablet&quot;]}]}\">\n\t\t\t\t\t\t<div class=\"elementor-container elementor-column-gap-default\">\n\t\t\t\t\t<div class=\"elementor-column elementor-col-100 elementor-top-column elementor-element elementor-element-e73b48c\" data-id=\"e73b48c\" data-element_type=\"column\" data-e-type=\"column\" data-settings=\"{&quot;background_background&quot;:&quot;classic&quot;}\">\n\t\t\t<div class=\"elementor-widget-wrap elementor-element-populated\">\n\t\t\t\t\t\t<div class=\"elementor-element elementor-element-20123a2 elementor-widget elementor-widget-heading\" data-id=\"20123a2\" data-element_type=\"widget\" data-e-type=\"widget\" data-widget_type=\"heading.default\">\n\t\t\t\t<div class=\"elementor-widget-container\">\n\t\t\t\t\t<h2 class=\"elementor-heading-title elementor-size-default\">Sobre o Private Equity<\/h2>\t\t\t\t<\/div>\n\t\t\t\t<\/div>\n\t\t\t\t<div class=\"elementor-element elementor-element-fa7c627 elementor-widget elementor-widget-toggle\" data-id=\"fa7c627\" data-element_type=\"widget\" data-e-type=\"widget\" data-widget_type=\"toggle.default\">\n\t\t\t\t<div class=\"elementor-widget-container\">\n\t\t\t\t\t\t\t<div class=\"elementor-toggle\">\n\t\t\t\t\t\t\t<div class=\"elementor-toggle-item\">\n\t\t\t\t\t<div id=\"elementor-tab-title-2621\" class=\"elementor-tab-title\" data-tab=\"1\" role=\"button\" aria-controls=\"elementor-tab-content-2621\" aria-expanded=\"false\">\n\t\t\t\t\t\t\t\t\t\t\t\t<span class=\"elementor-toggle-icon elementor-toggle-icon-left\" aria-hidden=\"true\">\n\t\t\t\t\t\t\t\t\t\t\t\t\t\t\t<span class=\"elementor-toggle-icon-closed\"><i class=\"fas fa-caret-right\"><\/i><\/span>\n\t\t\t\t\t\t\t\t<span class=\"elementor-toggle-icon-opened\"><i class=\"elementor-toggle-icon-opened fas fa-caret-up\"><\/i><\/span>\n\t\t\t\t\t\t\t\t\t\t\t\t\t<\/span>\n\t\t\t\t\t\t\t\t\t\t\t\t<a class=\"elementor-toggle-title\" tabindex=\"0\">O QUE \u00c9 O PRIVATE EQUITY?<\/a>\n\t\t\t\t\t<\/div>\n\n\t\t\t\t\t<div id=\"elementor-tab-content-2621\" class=\"elementor-tab-content elementor-clearfix\" data-tab=\"1\" role=\"region\" aria-labelledby=\"elementor-tab-title-2621\"><p style=\"color: #000000;\">A ind\u00fastria do Private Equity teve as suas primeiras origens ap\u00f3s a segunda guerra mundial, nas d\u00e9cadas de 40 e 50. No entanto o grande crescimento deste sector deu-se nos anos 80, principalmente nos EUA e no Reino Unido.<\/p>\n<p style=\"color: #000000;\">Ao contr\u00e1rio de uma institui\u00e7\u00e3o financeira t\u00edpica, o gestor de Private Equity toma parte do controlo da empresa, nomeando administradores e fazendo parte da defini\u00e7\u00e3o da estrat\u00e9gia e do plano de neg\u00f3cios da empresa. O objectivo \u00e9 final \u00e9 o de acrescentar valor de m\u00e9dio e longo-prazo \u00e0 empresa, preparando uma sa\u00edda do seu capital ap\u00f3s um per\u00edodo definido.<\/p>\n<p style=\"color: #000000;\">As empresas de Private Equity tradicionalmente angariam fundos para os seus investimentos junto de investidores institucionais como fundos de pens\u00f5es, seguradoras, bancos de investimento e privados, n\u00e3o recorrendo \u00e0 emiss\u00e3o de ac\u00e7\u00f5es em bolsa. Os Investidores s\u00e3o designados por\u00a0<em>Limited Partners<\/em>, enquanto que a sociedade gestora \u00e9 denominada de\u00a0<em>General Partner<\/em>.<\/p>\n<\/div>\n\t\t\t\t<\/div>\n\t\t\t\t\t\t\t<div class=\"elementor-toggle-item\">\n\t\t\t\t\t<div id=\"elementor-tab-title-2622\" class=\"elementor-tab-title\" data-tab=\"2\" role=\"button\" aria-controls=\"elementor-tab-content-2622\" aria-expanded=\"false\">\n\t\t\t\t\t\t\t\t\t\t\t\t<span class=\"elementor-toggle-icon elementor-toggle-icon-left\" aria-hidden=\"true\">\n\t\t\t\t\t\t\t\t\t\t\t\t\t\t\t<span class=\"elementor-toggle-icon-closed\"><i class=\"fas fa-caret-right\"><\/i><\/span>\n\t\t\t\t\t\t\t\t<span class=\"elementor-toggle-icon-opened\"><i class=\"elementor-toggle-icon-opened fas fa-caret-up\"><\/i><\/span>\n\t\t\t\t\t\t\t\t\t\t\t\t\t<\/span>\n\t\t\t\t\t\t\t\t\t\t\t\t<a class=\"elementor-toggle-title\" tabindex=\"0\">ESTRAT\u00c9GIAS<\/a>\n\t\t\t\t\t<\/div>\n\n\t\t\t\t\t<div id=\"elementor-tab-content-2622\" class=\"elementor-tab-content elementor-clearfix\" data-tab=\"2\" role=\"region\" aria-labelledby=\"elementor-tab-title-2622\"><ul>\n<li>Buy-Out: estrat\u00e9gia de investimento t\u00edpica em empresas maduras, com a compra de participa\u00e7\u00f5es de capital por parte da Private Equity. Muitas das vezes estes investimentos s\u00e3o feitos juntamento com a equipa de gest\u00e3o da empresa, denominando-se a opera\u00e7\u00e3o de Management Buy-Out. As aquisi\u00e7\u00f5es podem ser alavancadas (Levereged Buy-Out) com o recurso a d\u00edvida ou podem ser totalmente financiadas por fundos pr\u00f3prios. Normalmente, o objectivo destas aquisi\u00e7\u00f5es \u00e9 o de melhorar a estrutura de capitais da empresa e aumentar a sua rentabilidade, atrav\u00e9s de ganhos de efici\u00eancia operacional;<\/li>\n<li>Growth Capital: corresponde a investimentos em empresas com algum grau de maturidade por via do aumento do seu capital com vista \u00e0 expans\u00e3o da sua actividade. Estes investimentos implicam, tipicamente, um maior envolvimento na melhoria de margens e efici\u00eancia operacional e na aposta do crescimento em volume;<\/li>\n<li>Venture Capital: investimento em empresas num est\u00e1gio inicial de desenvolvimento, normalmente com vista ao desenvolvimento de uma ideia ou de um produto com grande potencial de crescimento;<\/li>\n<li>Distressed Investing: investimento em empresas com dificuldades financeiras e\/ou econ\u00f3micas que implicam um processo de reestrutura\u00e7\u00e3o profundo com vista \u00e0 cria\u00e7\u00e3o de uma empresa sustent\u00e1vel, com uma estrutura de capital saud\u00e1vel e com elevado valor econ\u00f3mico.<\/li>\n<\/ul>\n<\/div>\n\t\t\t\t<\/div>\n\t\t\t\t\t\t\t<div class=\"elementor-toggle-item\">\n\t\t\t\t\t<div id=\"elementor-tab-title-2623\" class=\"elementor-tab-title\" data-tab=\"3\" role=\"button\" aria-controls=\"elementor-tab-content-2623\" aria-expanded=\"false\">\n\t\t\t\t\t\t\t\t\t\t\t\t<span class=\"elementor-toggle-icon elementor-toggle-icon-left\" aria-hidden=\"true\">\n\t\t\t\t\t\t\t\t\t\t\t\t\t\t\t<span class=\"elementor-toggle-icon-closed\"><i class=\"fas fa-caret-right\"><\/i><\/span>\n\t\t\t\t\t\t\t\t<span class=\"elementor-toggle-icon-opened\"><i class=\"elementor-toggle-icon-opened fas fa-caret-up\"><\/i><\/span>\n\t\t\t\t\t\t\t\t\t\t\t\t\t<\/span>\n\t\t\t\t\t\t\t\t\t\t\t\t<a class=\"elementor-toggle-title\" tabindex=\"0\">VANTAGENS<\/a>\n\t\t\t\t\t<\/div>\n\n\t\t\t\t\t<div id=\"elementor-tab-content-2623\" class=\"elementor-tab-content elementor-clearfix\" data-tab=\"3\" role=\"region\" aria-labelledby=\"elementor-tab-title-2623\"><p>O contributo de um Fundo de Private Equity vai al\u00e9m da disponibiliza\u00e7\u00e3o dos meios financeiros e assenta em eixos estruturantes para a cria\u00e7\u00e3o de valor accionista, como sejam:<\/p>\n<ul>\n<li>Refor\u00e7o do alinhamento de interesses entre a gest\u00e3o da empresa e os accionistas (p.ex. em casos de aus\u00eancia de sucess\u00e3o, de passagem de testemunho geracional, de profissionaliza\u00e7\u00e3o da gest\u00e3o, entre outros)<\/li>\n<li>Defini\u00e7\u00e3o e implementa\u00e7\u00e3o de estrat\u00e9gias ambiciosas e de longo-prazo, seja por crescimento org\u00e2nico, seja por aquisi\u00e7\u00f5es<\/li>\n<li>A experi\u00eancia e network dos executivos do Private Equity \u00e9 colocada ao servi\u00e7o das participadas e permite complementar a capacidade e qualidade de gest\u00e3o da empresa<\/li>\n<\/ul>\n<p>Para saber mais, sugerimos o v\u00eddeo\u00a0<em><a href=\"https:\/\/www.youtube.com\/watch?v=Qhf4KSeSWIE&amp;t=4s\" target=\"_new\">&#8220;What is Private Equity&#8221;<\/a><\/em>\u00a0e o livro\u00a0<em><a href=\"http:\/\/www.evca.eu\/media\/19732\/Little-book-of-Private-Equity.pdf\" target=\"_new\">&#8220;The Little Book of Private Equity&#8221;<\/a><\/em>\u00a0publicados pela\u00a0<em><a href=\"http:\/\/www.evca.eu\/\">ECVA<\/a><\/em>.<\/p>\n<\/div>\n\t\t\t\t<\/div>\n\t\t\t\t\t\t\t\t<\/div>\n\t\t\t\t\t\t<\/div>\n\t\t\t\t<\/div>\n\t\t\t\t\t<\/div>\n\t\t<\/div>\n\t\t\t\t\t<\/div>\n\t\t<\/section>\n\t\t\t\t<\/div>\n\t\t","protected":false},"excerpt":{"rendered":"<p>Sobre o Private Equity O QUE \u00c9 O PRIVATE EQUITY? A ind\u00fastria do Private Equity teve as suas primeiras origens ap\u00f3s a segunda guerra mundial, nas d\u00e9cadas de 40 e 50. No entanto o grande crescimento deste sector deu-se nos anos 80, principalmente nos EUA e no Reino Unido. Ao contr\u00e1rio de uma institui\u00e7\u00e3o financeira [&hellip;]<\/p>\n","protected":false},"author":2,"featured_media":0,"parent":0,"menu_order":0,"comment_status":"closed","ping_status":"closed","template":"elementor_header_footer","meta":{"_acf_changed":false,"footnotes":""},"class_list":["post-1174","page","type-page","status-publish","hentry"],"acf":[],"yoast_head":"<!-- This site is optimized with the Yoast SEO plugin v27.3 - https:\/\/yoast.com\/product\/yoast-seo-wordpress\/ -->\n<title>Private Equity - Vallis Capital Partners<\/title>\n<meta name=\"robots\" content=\"index, follow, max-snippet:-1, max-image-preview:large, max-video-preview:-1\" \/>\n<link rel=\"canonical\" href=\"https:\/\/vallis.pt\/private-equity\/\" \/>\n<meta property=\"og:locale\" content=\"en_US\" \/>\n<meta property=\"og:type\" content=\"article\" \/>\n<meta property=\"og:title\" content=\"Private Equity - Vallis Capital Partners\" \/>\n<meta property=\"og:description\" content=\"Sobre o Private Equity O QUE \u00c9 O PRIVATE EQUITY? A ind\u00fastria do Private Equity teve as suas primeiras origens ap\u00f3s a segunda guerra mundial, nas d\u00e9cadas de 40 e 50. No entanto o grande crescimento deste sector deu-se nos anos 80, principalmente nos EUA e no Reino Unido. Ao contr\u00e1rio de uma institui\u00e7\u00e3o financeira [&hellip;]\" \/>\n<meta property=\"og:url\" content=\"https:\/\/vallis.pt\/private-equity\/\" \/>\n<meta property=\"og:site_name\" content=\"Vallis Capital Partners\" \/>\n<meta property=\"article:modified_time\" content=\"2023-02-13T18:08:39+00:00\" \/>\n<meta name=\"twitter:card\" content=\"summary_large_image\" \/>\n<meta name=\"twitter:label1\" content=\"Est. reading time\" \/>\n\t<meta name=\"twitter:data1\" content=\"3 minutes\" \/>\n<script type=\"application\/ld+json\" class=\"yoast-schema-graph\">{\"@context\":\"https:\\\/\\\/schema.org\",\"@graph\":[{\"@type\":\"WebPage\",\"@id\":\"https:\\\/\\\/vallis.pt\\\/private-equity\\\/\",\"url\":\"https:\\\/\\\/vallis.pt\\\/private-equity\\\/\",\"name\":\"Private Equity - Vallis Capital Partners\",\"isPartOf\":{\"@id\":\"https:\\\/\\\/vallis.pt\\\/#website\"},\"datePublished\":\"2022-01-27T21:39:43+00:00\",\"dateModified\":\"2023-02-13T18:08:39+00:00\",\"breadcrumb\":{\"@id\":\"https:\\\/\\\/vallis.pt\\\/private-equity\\\/#breadcrumb\"},\"inLanguage\":\"en-US\",\"potentialAction\":[{\"@type\":\"ReadAction\",\"target\":[\"https:\\\/\\\/vallis.pt\\\/private-equity\\\/\"]}]},{\"@type\":\"BreadcrumbList\",\"@id\":\"https:\\\/\\\/vallis.pt\\\/private-equity\\\/#breadcrumb\",\"itemListElement\":[{\"@type\":\"ListItem\",\"position\":1,\"name\":\"In\u00edcio\",\"item\":\"https:\\\/\\\/vallis.pt\\\/en\\\/\"},{\"@type\":\"ListItem\",\"position\":2,\"name\":\"Private Equity\"}]},{\"@type\":\"WebSite\",\"@id\":\"https:\\\/\\\/vallis.pt\\\/#website\",\"url\":\"https:\\\/\\\/vallis.pt\\\/\",\"name\":\"VALLIS Capital Partners\",\"description\":\"\",\"publisher\":{\"@id\":\"https:\\\/\\\/vallis.pt\\\/#organization\"},\"potentialAction\":[{\"@type\":\"SearchAction\",\"target\":{\"@type\":\"EntryPoint\",\"urlTemplate\":\"https:\\\/\\\/vallis.pt\\\/?s={search_term_string}\"},\"query-input\":{\"@type\":\"PropertyValueSpecification\",\"valueRequired\":true,\"valueName\":\"search_term_string\"}}],\"inLanguage\":\"en-US\"},{\"@type\":\"Organization\",\"@id\":\"https:\\\/\\\/vallis.pt\\\/#organization\",\"name\":\"VALLIS Capital Partners\",\"alternateName\":\"Gestora de Fundos Independente, focada exclusivamente em Capital de Risco Private Equity\",\"url\":\"https:\\\/\\\/vallis.pt\\\/\",\"logo\":{\"@type\":\"ImageObject\",\"inLanguage\":\"en-US\",\"@id\":\"https:\\\/\\\/vallis.pt\\\/#\\\/schema\\\/logo\\\/image\\\/\",\"url\":\"https:\\\/\\\/vallis.pt\\\/wp-content\\\/uploads\\\/2021\\\/12\\\/cropped-favicon-vallis.png\",\"contentUrl\":\"https:\\\/\\\/vallis.pt\\\/wp-content\\\/uploads\\\/2021\\\/12\\\/cropped-favicon-vallis.png\",\"width\":512,\"height\":512,\"caption\":\"VALLIS Capital Partners\"},\"image\":{\"@id\":\"https:\\\/\\\/vallis.pt\\\/#\\\/schema\\\/logo\\\/image\\\/\"},\"sameAs\":[\"https:\\\/\\\/www.linkedin.com\\\/company\\\/valliscapitalpartners\\\/\"]}]}<\/script>\n<!-- \/ Yoast SEO plugin. -->","yoast_head_json":{"title":"Private Equity - Vallis Capital Partners","robots":{"index":"index","follow":"follow","max-snippet":"max-snippet:-1","max-image-preview":"max-image-preview:large","max-video-preview":"max-video-preview:-1"},"canonical":"https:\/\/vallis.pt\/private-equity\/","og_locale":"en_US","og_type":"article","og_title":"Private Equity - Vallis Capital Partners","og_description":"Sobre o Private Equity O QUE \u00c9 O PRIVATE EQUITY? A ind\u00fastria do Private Equity teve as suas primeiras origens ap\u00f3s a segunda guerra mundial, nas d\u00e9cadas de 40 e 50. No entanto o grande crescimento deste sector deu-se nos anos 80, principalmente nos EUA e no Reino Unido. Ao contr\u00e1rio de uma institui\u00e7\u00e3o financeira [&hellip;]","og_url":"https:\/\/vallis.pt\/private-equity\/","og_site_name":"Vallis Capital Partners","article_modified_time":"2023-02-13T18:08:39+00:00","twitter_card":"summary_large_image","twitter_misc":{"Est. reading time":"3 minutes"},"schema":{"@context":"https:\/\/schema.org","@graph":[{"@type":"WebPage","@id":"https:\/\/vallis.pt\/private-equity\/","url":"https:\/\/vallis.pt\/private-equity\/","name":"Private Equity - Vallis Capital Partners","isPartOf":{"@id":"https:\/\/vallis.pt\/#website"},"datePublished":"2022-01-27T21:39:43+00:00","dateModified":"2023-02-13T18:08:39+00:00","breadcrumb":{"@id":"https:\/\/vallis.pt\/private-equity\/#breadcrumb"},"inLanguage":"en-US","potentialAction":[{"@type":"ReadAction","target":["https:\/\/vallis.pt\/private-equity\/"]}]},{"@type":"BreadcrumbList","@id":"https:\/\/vallis.pt\/private-equity\/#breadcrumb","itemListElement":[{"@type":"ListItem","position":1,"name":"In\u00edcio","item":"https:\/\/vallis.pt\/en\/"},{"@type":"ListItem","position":2,"name":"Private Equity"}]},{"@type":"WebSite","@id":"https:\/\/vallis.pt\/#website","url":"https:\/\/vallis.pt\/","name":"VALLIS Capital Partners","description":"","publisher":{"@id":"https:\/\/vallis.pt\/#organization"},"potentialAction":[{"@type":"SearchAction","target":{"@type":"EntryPoint","urlTemplate":"https:\/\/vallis.pt\/?s={search_term_string}"},"query-input":{"@type":"PropertyValueSpecification","valueRequired":true,"valueName":"search_term_string"}}],"inLanguage":"en-US"},{"@type":"Organization","@id":"https:\/\/vallis.pt\/#organization","name":"VALLIS Capital Partners","alternateName":"Gestora de Fundos Independente, focada exclusivamente em Capital de Risco Private Equity","url":"https:\/\/vallis.pt\/","logo":{"@type":"ImageObject","inLanguage":"en-US","@id":"https:\/\/vallis.pt\/#\/schema\/logo\/image\/","url":"https:\/\/vallis.pt\/wp-content\/uploads\/2021\/12\/cropped-favicon-vallis.png","contentUrl":"https:\/\/vallis.pt\/wp-content\/uploads\/2021\/12\/cropped-favicon-vallis.png","width":512,"height":512,"caption":"VALLIS Capital Partners"},"image":{"@id":"https:\/\/vallis.pt\/#\/schema\/logo\/image\/"},"sameAs":["https:\/\/www.linkedin.com\/company\/valliscapitalpartners\/"]}]}},"_links":{"self":[{"href":"https:\/\/vallis.pt\/en\/wp-json\/wp\/v2\/pages\/1174","targetHints":{"allow":["GET"]}}],"collection":[{"href":"https:\/\/vallis.pt\/en\/wp-json\/wp\/v2\/pages"}],"about":[{"href":"https:\/\/vallis.pt\/en\/wp-json\/wp\/v2\/types\/page"}],"author":[{"embeddable":true,"href":"https:\/\/vallis.pt\/en\/wp-json\/wp\/v2\/users\/2"}],"replies":[{"embeddable":true,"href":"https:\/\/vallis.pt\/en\/wp-json\/wp\/v2\/comments?post=1174"}],"version-history":[{"count":0,"href":"https:\/\/vallis.pt\/en\/wp-json\/wp\/v2\/pages\/1174\/revisions"}],"wp:attachment":[{"href":"https:\/\/vallis.pt\/en\/wp-json\/wp\/v2\/media?parent=1174"}],"curies":[{"name":"wp","href":"https:\/\/api.w.org\/{rel}","templated":true}]}}