{"id":2104,"date":"2023-01-30T14:09:30","date_gmt":"2023-01-30T14:09:30","guid":{"rendered":"https:\/\/vallis.pt\/whistleblowing-2\/"},"modified":"2023-02-23T16:19:42","modified_gmt":"2023-02-23T16:19:42","slug":"whistleblowing-2","status":"publish","type":"page","link":"https:\/\/vallis.pt\/en\/whistleblowing-2\/","title":{"rendered":"Whistleblowing"},"content":{"rendered":"\t\t<div data-elementor-type=\"wp-page\" data-elementor-id=\"2104\" class=\"elementor elementor-2104 elementor-1812\" data-elementor-post-type=\"page\">\n\t\t\t\t\t\t<section class=\"elementor-section elementor-top-section elementor-element elementor-element-332d778 elementor-section-boxed elementor-section-height-default elementor-section-height-default\" data-id=\"332d778\" data-element_type=\"section\" data-e-type=\"section\" data-settings=\"{&quot;jet_parallax_layout_list&quot;:[]}\">\n\t\t\t\t\t\t<div class=\"elementor-container elementor-column-gap-default\">\n\t\t\t\t\t<div class=\"elementor-column elementor-col-100 elementor-top-column elementor-element elementor-element-0469810\" data-id=\"0469810\" data-element_type=\"column\" data-e-type=\"column\">\n\t\t\t<div class=\"elementor-widget-wrap elementor-element-populated\">\n\t\t\t\t\t\t<div class=\"elementor-element elementor-element-e5c136b elementor-widget elementor-widget-text-editor\" data-id=\"e5c136b\" data-element_type=\"widget\" data-e-type=\"widget\" data-widget_type=\"text-editor.default\">\n\t\t\t\t<div class=\"elementor-widget-container\">\n\t\t\t\t\t\t\t\t\t<span style=\"color: var( --e-global-color-text ); font-family: var( --e-global-typography-text-font-family ), Sans-serif; font-weight: var( --e-global-typography-text-font-weight ); font-size: 1rem;\">O Regulamento de Comunica\u00e7\u00e3o de Infra\u00e7\u00f5es da Vallis pode ser consultado aqui.<\/span>\r\n\r\n<span style=\"color: var( --e-global-color-text ); font-family: var( --e-global-typography-text-font-family ), Sans-serif; font-weight: var( --e-global-typography-text-font-weight ); font-size: 1rem;\">\u00a0<\/span>\r\n\r\n<span lang=\"PT\" style=\"color: var( --e-global-color-text ); font-family: var( --e-global-typography-text-font-family ), Sans-serif; font-weight: var( --e-global-typography-text-font-weight ); font-size: 1rem;\">Para comunicar uma infra\u00e7\u00e3o por escrito \u00e0 Vallis, poder\u00e1 recorrer a um dos seguintes canais<\/span><span style=\"color: var( --e-global-color-text ); font-family: var( --e-global-typography-text-font-family ), Sans-serif; font-weight: var( --e-global-typography-text-font-weight ); font-size: 1rem;\">:<\/span>\r\n<ul>\r\n \t<li><span style=\"color: var( --e-global-color-text ); font-family: var( --e-global-typography-text-font-family ), Sans-serif; font-size: 1rem; font-weight: var( --e-global-typography-text-font-weight );\">Enviar um correio eletr\u00f3nico para o seguinte endere\u00e7o:<\/span><span style=\"color: var( --e-global-color-text ); font-family: var( --e-global-typography-text-font-family ), Sans-serif; font-size: 1rem; font-weight: var( --e-global-typography-text-font-weight );\">\u00a0<\/span><\/li>\r\n<\/ul>\r\n<p style=\"padding-left: 80px;\">denuncias@vallis.pt<\/p>\r\n\r\n<ul>\r\n \t<li><span style=\"background-color: transparent; color: var( --e-global-color-text ); font-family: var( --e-global-typography-text-font-family ), Sans-serif; font-weight: var( --e-global-typography-text-font-weight );\">Remeter uma carta, com a indica\u00e7\u00e3o de \u201cconfidencial\u201d, para o seguinte endere\u00e7o postal:<\/span><\/li>\r\n<\/ul>\r\n<p style=\"padding-left: 80px;\"><span style=\"background-color: transparent; color: var( --e-global-color-text ); font-family: var( --e-global-typography-text-font-family ), Sans-serif; font-size: 1rem;\">Avenida da Boavista, n\u00ba 36, piso 1<\/span><\/p>\r\n<p style=\"padding-left: 80px;\"><span style=\"color: var( --e-global-color-text ); font-family: var( --e-global-typography-text-font-family ), Sans-serif; font-size: 1rem;\">4050-112 Porto, Portugal<\/span><\/p>\t\t\t\t\t\t\t\t<\/div>\n\t\t\t\t<\/div>\n\t\t\t\t\t<\/div>\n\t\t<\/div>\n\t\t\t\t\t<\/div>\n\t\t<\/section>\n\t\t\t\t<\/div>\n\t\t","protected":false},"excerpt":{"rendered":"<p>O Regulamento de Comunica\u00e7\u00e3o de Infra\u00e7\u00f5es da Vallis pode ser consultado aqui. \u00a0 Para comunicar uma infra\u00e7\u00e3o por escrito \u00e0 Vallis, poder\u00e1 recorrer a um dos seguintes canais: Enviar um correio eletr\u00f3nico para o seguinte endere\u00e7o:\u00a0 denuncias@vallis.pt Remeter uma carta, com a indica\u00e7\u00e3o de \u201cconfidencial\u201d, para o seguinte endere\u00e7o postal: Avenida da Boavista, n\u00ba 36, [&hellip;]<\/p>\n","protected":false},"author":2,"featured_media":0,"parent":0,"menu_order":0,"comment_status":"closed","ping_status":"closed","template":"","meta":{"_acf_changed":false,"footnotes":""},"class_list":["post-2104","page","type-page","status-publish","hentry"],"acf":[],"yoast_head":"<!-- This site is optimized with the Yoast SEO plugin v27.3 - https:\/\/yoast.com\/product\/yoast-seo-wordpress\/ -->\n<title>Whistleblowing - Vallis Capital Partners<\/title>\n<meta name=\"robots\" content=\"index, follow, max-snippet:-1, max-image-preview:large, max-video-preview:-1\" \/>\n<link rel=\"canonical\" href=\"https:\/\/vallis.pt\/en\/whistleblowing-2\/\" \/>\n<meta property=\"og:locale\" content=\"en_US\" \/>\n<meta property=\"og:type\" content=\"article\" \/>\n<meta property=\"og:title\" content=\"Whistleblowing - Vallis Capital Partners\" \/>\n<meta property=\"og:description\" content=\"O Regulamento de Comunica\u00e7\u00e3o de Infra\u00e7\u00f5es da Vallis pode ser consultado aqui. \u00a0 Para comunicar uma infra\u00e7\u00e3o por escrito \u00e0 Vallis, poder\u00e1 recorrer a um dos seguintes canais: Enviar um correio eletr\u00f3nico para o seguinte endere\u00e7o:\u00a0 denuncias@vallis.pt Remeter uma carta, com a indica\u00e7\u00e3o de \u201cconfidencial\u201d, para o seguinte endere\u00e7o postal: Avenida da Boavista, n\u00ba 36, [&hellip;]\" \/>\n<meta property=\"og:url\" content=\"https:\/\/vallis.pt\/en\/whistleblowing-2\/\" \/>\n<meta property=\"og:site_name\" content=\"Vallis Capital Partners\" \/>\n<meta property=\"article:modified_time\" content=\"2023-02-23T16:19:42+00:00\" \/>\n<meta name=\"twitter:card\" content=\"summary_large_image\" \/>\n<script type=\"application\/ld+json\" class=\"yoast-schema-graph\">{\"@context\":\"https:\\\/\\\/schema.org\",\"@graph\":[{\"@type\":\"WebPage\",\"@id\":\"https:\\\/\\\/vallis.pt\\\/en\\\/whistleblowing-2\\\/\",\"url\":\"https:\\\/\\\/vallis.pt\\\/en\\\/whistleblowing-2\\\/\",\"name\":\"Whistleblowing - Vallis Capital Partners\",\"isPartOf\":{\"@id\":\"https:\\\/\\\/vallis.pt\\\/#website\"},\"datePublished\":\"2023-01-30T14:09:30+00:00\",\"dateModified\":\"2023-02-23T16:19:42+00:00\",\"breadcrumb\":{\"@id\":\"https:\\\/\\\/vallis.pt\\\/en\\\/whistleblowing-2\\\/#breadcrumb\"},\"inLanguage\":\"en-US\",\"potentialAction\":[{\"@type\":\"ReadAction\",\"target\":[\"https:\\\/\\\/vallis.pt\\\/en\\\/whistleblowing-2\\\/\"]}]},{\"@type\":\"BreadcrumbList\",\"@id\":\"https:\\\/\\\/vallis.pt\\\/en\\\/whistleblowing-2\\\/#breadcrumb\",\"itemListElement\":[{\"@type\":\"ListItem\",\"position\":1,\"name\":\"In\u00edcio\",\"item\":\"https:\\\/\\\/vallis.pt\\\/en\\\/\"},{\"@type\":\"ListItem\",\"position\":2,\"name\":\"Whistleblowing\"}]},{\"@type\":\"WebSite\",\"@id\":\"https:\\\/\\\/vallis.pt\\\/#website\",\"url\":\"https:\\\/\\\/vallis.pt\\\/\",\"name\":\"VALLIS Capital Partners\",\"description\":\"\",\"publisher\":{\"@id\":\"https:\\\/\\\/vallis.pt\\\/#organization\"},\"potentialAction\":[{\"@type\":\"SearchAction\",\"target\":{\"@type\":\"EntryPoint\",\"urlTemplate\":\"https:\\\/\\\/vallis.pt\\\/?s={search_term_string}\"},\"query-input\":{\"@type\":\"PropertyValueSpecification\",\"valueRequired\":true,\"valueName\":\"search_term_string\"}}],\"inLanguage\":\"en-US\"},{\"@type\":\"Organization\",\"@id\":\"https:\\\/\\\/vallis.pt\\\/#organization\",\"name\":\"VALLIS Capital Partners\",\"alternateName\":\"Gestora de Fundos Independente, focada exclusivamente em Capital de Risco Private Equity\",\"url\":\"https:\\\/\\\/vallis.pt\\\/\",\"logo\":{\"@type\":\"ImageObject\",\"inLanguage\":\"en-US\",\"@id\":\"https:\\\/\\\/vallis.pt\\\/#\\\/schema\\\/logo\\\/image\\\/\",\"url\":\"https:\\\/\\\/vallis.pt\\\/wp-content\\\/uploads\\\/2021\\\/12\\\/cropped-favicon-vallis.png\",\"contentUrl\":\"https:\\\/\\\/vallis.pt\\\/wp-content\\\/uploads\\\/2021\\\/12\\\/cropped-favicon-vallis.png\",\"width\":512,\"height\":512,\"caption\":\"VALLIS Capital Partners\"},\"image\":{\"@id\":\"https:\\\/\\\/vallis.pt\\\/#\\\/schema\\\/logo\\\/image\\\/\"},\"sameAs\":[\"https:\\\/\\\/www.linkedin.com\\\/company\\\/valliscapitalpartners\\\/\"]}]}<\/script>\n<!-- \/ Yoast SEO plugin. -->","yoast_head_json":{"title":"Whistleblowing - Vallis Capital Partners","robots":{"index":"index","follow":"follow","max-snippet":"max-snippet:-1","max-image-preview":"max-image-preview:large","max-video-preview":"max-video-preview:-1"},"canonical":"https:\/\/vallis.pt\/en\/whistleblowing-2\/","og_locale":"en_US","og_type":"article","og_title":"Whistleblowing - Vallis Capital Partners","og_description":"O Regulamento de Comunica\u00e7\u00e3o de Infra\u00e7\u00f5es da Vallis pode ser consultado aqui. \u00a0 Para comunicar uma infra\u00e7\u00e3o por escrito \u00e0 Vallis, poder\u00e1 recorrer a um dos seguintes canais: Enviar um correio eletr\u00f3nico para o seguinte endere\u00e7o:\u00a0 denuncias@vallis.pt Remeter uma carta, com a indica\u00e7\u00e3o de \u201cconfidencial\u201d, para o seguinte endere\u00e7o postal: Avenida da Boavista, n\u00ba 36, [&hellip;]","og_url":"https:\/\/vallis.pt\/en\/whistleblowing-2\/","og_site_name":"Vallis Capital Partners","article_modified_time":"2023-02-23T16:19:42+00:00","twitter_card":"summary_large_image","schema":{"@context":"https:\/\/schema.org","@graph":[{"@type":"WebPage","@id":"https:\/\/vallis.pt\/en\/whistleblowing-2\/","url":"https:\/\/vallis.pt\/en\/whistleblowing-2\/","name":"Whistleblowing - Vallis Capital Partners","isPartOf":{"@id":"https:\/\/vallis.pt\/#website"},"datePublished":"2023-01-30T14:09:30+00:00","dateModified":"2023-02-23T16:19:42+00:00","breadcrumb":{"@id":"https:\/\/vallis.pt\/en\/whistleblowing-2\/#breadcrumb"},"inLanguage":"en-US","potentialAction":[{"@type":"ReadAction","target":["https:\/\/vallis.pt\/en\/whistleblowing-2\/"]}]},{"@type":"BreadcrumbList","@id":"https:\/\/vallis.pt\/en\/whistleblowing-2\/#breadcrumb","itemListElement":[{"@type":"ListItem","position":1,"name":"In\u00edcio","item":"https:\/\/vallis.pt\/en\/"},{"@type":"ListItem","position":2,"name":"Whistleblowing"}]},{"@type":"WebSite","@id":"https:\/\/vallis.pt\/#website","url":"https:\/\/vallis.pt\/","name":"VALLIS Capital Partners","description":"","publisher":{"@id":"https:\/\/vallis.pt\/#organization"},"potentialAction":[{"@type":"SearchAction","target":{"@type":"EntryPoint","urlTemplate":"https:\/\/vallis.pt\/?s={search_term_string}"},"query-input":{"@type":"PropertyValueSpecification","valueRequired":true,"valueName":"search_term_string"}}],"inLanguage":"en-US"},{"@type":"Organization","@id":"https:\/\/vallis.pt\/#organization","name":"VALLIS Capital Partners","alternateName":"Gestora de Fundos Independente, focada exclusivamente em Capital de Risco Private Equity","url":"https:\/\/vallis.pt\/","logo":{"@type":"ImageObject","inLanguage":"en-US","@id":"https:\/\/vallis.pt\/#\/schema\/logo\/image\/","url":"https:\/\/vallis.pt\/wp-content\/uploads\/2021\/12\/cropped-favicon-vallis.png","contentUrl":"https:\/\/vallis.pt\/wp-content\/uploads\/2021\/12\/cropped-favicon-vallis.png","width":512,"height":512,"caption":"VALLIS Capital Partners"},"image":{"@id":"https:\/\/vallis.pt\/#\/schema\/logo\/image\/"},"sameAs":["https:\/\/www.linkedin.com\/company\/valliscapitalpartners\/"]}]}},"_links":{"self":[{"href":"https:\/\/vallis.pt\/en\/wp-json\/wp\/v2\/pages\/2104","targetHints":{"allow":["GET"]}}],"collection":[{"href":"https:\/\/vallis.pt\/en\/wp-json\/wp\/v2\/pages"}],"about":[{"href":"https:\/\/vallis.pt\/en\/wp-json\/wp\/v2\/types\/page"}],"author":[{"embeddable":true,"href":"https:\/\/vallis.pt\/en\/wp-json\/wp\/v2\/users\/2"}],"replies":[{"embeddable":true,"href":"https:\/\/vallis.pt\/en\/wp-json\/wp\/v2\/comments?post=2104"}],"version-history":[{"count":0,"href":"https:\/\/vallis.pt\/en\/wp-json\/wp\/v2\/pages\/2104\/revisions"}],"wp:attachment":[{"href":"https:\/\/vallis.pt\/en\/wp-json\/wp\/v2\/media?parent=2104"}],"curies":[{"name":"wp","href":"https:\/\/api.w.org\/{rel}","templated":true}]}}