{"id":1967,"date":"2021-10-07T05:48:04","date_gmt":"2021-10-07T05:48:04","guid":{"rendered":"https:\/\/vallis.pt\/avisos-legais\/"},"modified":"2023-02-13T17:58:42","modified_gmt":"2023-02-13T17:58:42","slug":"avisos-legales","status":"publish","type":"page","link":"https:\/\/vallis.pt\/es\/avisos-legales\/","title":{"rendered":"Avisos legales"},"content":{"rendered":"<div class=\"row\">\n<div class=\"col-md-12\">\n<div>\n<p><em>Data da \u00faltima revis\u00e3o do aviso legal: 20 de Julho de 2014<\/em><\/p>\n<p>A Vallis Capital Partners, S.A. (doravante designada por \u00abVallis\u00bb) \u00e9 uma empresa que privilegia a privacidade. A declara\u00e7\u00e3o de privacidade estabelece os termos de protec\u00e7\u00e3o da informa\u00e7\u00e3o dos seus utilizadores recolhida atrav\u00e9s das p\u00e1ginas &#8230;.<\/p>\n<p>Caso os nossos visitantes tenham alguma quest\u00e3o relacionada com estes avisos legais dever\u00e3o contactar:<br \/>\n<a href=\"mailto:info@vallis.pt\">info@vallis.pt<\/a><\/p>\n<\/div>\n<\/div>\n<\/div>\n<div class=\"row\">\n<div class=\"col-md-12\">\n<div>\n<h3>Pol\u00edtica de Privacidade<\/h3>\n<ul>\n<li><strong>Recolha de Informa\u00e7\u00e3o<\/strong><br \/>\nEnquanto visitante, n\u00e3o necessita de fornecer qualquer informa\u00e7\u00e3o pessoal para usar o presente website.<\/li>\n<\/ul>\n<ul>\n<li><strong>Informa\u00e7\u00f5es de registo,\u00a0<em>Cookies<\/em>\u00a0e\u00a0<em>Web Beacons<\/em><\/strong><br \/>\nEste website recolhe informa\u00e7\u00e3o padr\u00e3o solicitada em registos em websites da internet, incluindo o endere\u00e7o de IP, tipo de browser e l\u00edngua de origem bem como data e hora de acesso e endere\u00e7os dos websites de referencia\u00e7\u00e3o. O website vallis.pt n\u00e3o recorre ao uso de cookies e web beacons.<\/li>\n<\/ul>\n<ul>\n<li><strong>Seguran\u00e7a da Informa\u00e7\u00e3o<\/strong><br \/>\nTemos instalados n\u00edveis razo\u00e1veis de tecnologia standard presente no mercado e seguran\u00e7a operacional para proteger toda a informa\u00e7\u00e3o fornecida pelos visitantes, contra o uso, divulga\u00e7\u00e3o, altera\u00e7\u00e3o ou destrui\u00e7\u00e3o indevidos.<\/li>\n<\/ul>\n<ul>\n<li><strong>Altera\u00e7\u00f5es \u00e0 nossa Pol\u00edtica de Privacidade<\/strong><br \/>\nA Vallis reserva-se o direito de modificar ou emendar esta declara\u00e7\u00e3o de privacidade a qualquer momento sempre que entenda necess\u00e1rio. Sempre que se efectuarem altera\u00e7\u00f5es \u00e0 declara\u00e7\u00e3o de privacidade actualizaremos a data de revis\u00e3o no in\u00edcio desta p\u00e1gina.<\/li>\n<\/ul>\n<\/div>\n<\/div>\n<\/div>\n<div class=\"row\">\n<div class=\"col-md-12\">\n<div>\n<h3>Propriedade Intelectual<\/h3>\n<p>Exceptuando as situa\u00e7\u00f5es em que seja expressamente indicado o contr\u00e1rio, o conte\u00fado do website e todos os materiais nele presentes s\u00e3o protegidos por direitos de propriedade intelectual, incluindo entre outros, direitos de autor (copyrights), desenhos e marcas, da titularidade da Vallis ou de outros titulares de direitos sobre aqueles conte\u00fados.<\/p>\n<p>Pode ser feito o download e impress\u00e3o de materiais deste website apenas para uso pessoal. \u00e9 necess\u00e1rio o nosso consentimento escrito para (i) uso comercial do conte\u00fado e materiais do website, para (ii) fazer mais do que pequenas c\u00f3pias dos materiais, ou ainda para (iii) copiar grandes partes do website.<\/p>\n<\/div>\n<\/div>\n<\/div>\n<div class=\"row\">\n<div class=\"col-md-12\">\n<div>\n<h3>Declara\u00e7\u00e3o de exonera\u00e7\u00e3o de responsabilidade (Disclaimer)<\/h3>\n<p>Os materiais e informa\u00e7\u00e3o disponibilizados neste website s\u00e3o apenas para informa\u00e7\u00e3o generalista e n\u00e3o constituem consultoria ou aconselhamento sobre investimentos, mat\u00e9rias jur\u00eddicas ou fiscalidade ou sobre qualquer outro assunto.<\/p>\n<p>A informa\u00e7\u00e3o do website pode n\u00e3o estar actualizada ou correcta e pode tornar-se desactualizada por altera\u00e7\u00f5es legislativas ou de regula\u00e7\u00e3o. Nada neste website tem a inten\u00e7\u00e3o de constituir ou constitui uma oferta ou solicita\u00e7\u00e3o para comprar ou vender investimentos de qualquer tipo e em qualquer jurisdi\u00e7\u00e3o, nem pretende recomendar ou recomenda qualquer tipo de investimento ou transac\u00e7\u00e3o. O utilizador \u00e9 respons\u00e1vel por obter o seu pr\u00f3prio aconselhamento profissional antes de iniciar qualquer processo de investimento com a Vallis.<\/p>\n<p>Nem a Vallis, nem qualquer dos seus colaboradores ou representantes ser\u00e3o respons\u00e1veis por qualquer perda ou dano ou responsabilidade de qualquer tipo que possam advir ou advenham do uso de informa\u00e7\u00e3o deste website ou da pr\u00f3pria falha ou indisponibilidade do website. O utilizador toma conhecimento de que a informa\u00e7\u00e3o do website \u00e9 disponibilizada sem qualquer garantia.<\/p>\n<p>O uso deste website e da informa\u00e7\u00e3o nele contida, para qualquer fim, \u00e9 da exclusiva responsabilidade do utilizador. N\u00e3o podemos garantir que todo o material deste website esteja livre de v\u00cdrus ou outro tipo de software malicioso, pelo que \u00e9 da responsabilidade do utilizador a tomada de medidas preventivas, tais como a utiliza\u00e7\u00e3o de software antiv\u00edrus, entre outras.<\/p>\n<p>A presente declara\u00e7\u00e3o de exonera\u00e7\u00e3o de responsabilidade n\u00e3o prejudica os deveres estatu\u00eddos na lei nacional nem exclui qualquer responsabilidade decorrente dessa lei.<\/p>\n<\/div>\n<\/div>\n<\/div>\n<div class=\"row\">\n<div class=\"col-md-12\">\n<div>\n<h3>Links &#8211; Liga\u00e7\u00f5es de Hipertexto<\/h3>\n<p>A Vallis n\u00e3o se responsabiliza pela qualidade ou veracidade das afirma\u00e7\u00f5es reproduzidas nos web-sites para onde remetem as liga\u00e7\u00f5es de hipertexto, tamb\u00e9m denominadas \u00abhyperlinks\u00bb ou \u00ablinks\u00bb presentes neste website. A Vallis n\u00e3o exerce qualquer controlo sobre os conte\u00fados, produtos e servi\u00e7os oferecidos por terceiros atrav\u00e9s dos links inseridos neste webside.<\/p>\n<\/div>\n<\/div>\n<\/div>\n<div class=\"row\">\n<div class=\"col-md-12\">\n<div>\n<h3>Lei Aplic\u00e1vel<\/h3>\n<p>O presente website rege-se pela Lei portuguesa.<\/p>\n<\/div>\n<\/div>\n<\/div>\n","protected":false},"excerpt":{"rendered":"<p>Data da \u00faltima revis\u00e3o do aviso legal: 20 de Julho de 2014 A Vallis Capital Partners, S.A. (doravante designada por \u00abVallis\u00bb) \u00e9 uma empresa que privilegia a privacidade. A declara\u00e7\u00e3o de privacidade estabelece os termos de protec\u00e7\u00e3o da informa\u00e7\u00e3o dos seus utilizadores recolhida atrav\u00e9s das p\u00e1ginas &#8230;. Caso os nossos visitantes tenham alguma quest\u00e3o relacionada [&hellip;]<\/p>\n","protected":false},"author":2,"featured_media":0,"parent":0,"menu_order":0,"comment_status":"closed","ping_status":"closed","template":"","meta":{"_acf_changed":false,"footnotes":""},"class_list":["post-1967","page","type-page","status-publish","hentry"],"acf":[],"yoast_head":"<!-- This site is optimized with the Yoast SEO plugin v27.3 - https:\/\/yoast.com\/product\/yoast-seo-wordpress\/ -->\n<title>Avisos legales - Vallis Capital Partners<\/title>\n<meta name=\"robots\" content=\"index, follow, max-snippet:-1, max-image-preview:large, max-video-preview:-1\" \/>\n<link rel=\"canonical\" href=\"https:\/\/vallis.pt\/es\/avisos-legales\/\" \/>\n<meta property=\"og:locale\" content=\"es_ES\" \/>\n<meta property=\"og:type\" content=\"article\" \/>\n<meta property=\"og:title\" content=\"Avisos legales - Vallis Capital Partners\" \/>\n<meta property=\"og:description\" content=\"Data da \u00faltima revis\u00e3o do aviso legal: 20 de Julho de 2014 A Vallis Capital Partners, S.A. (doravante designada por \u00abVallis\u00bb) \u00e9 uma empresa que privilegia a privacidade. A declara\u00e7\u00e3o de privacidade estabelece os termos de protec\u00e7\u00e3o da informa\u00e7\u00e3o dos seus utilizadores recolhida atrav\u00e9s das p\u00e1ginas &#8230;. Caso os nossos visitantes tenham alguma quest\u00e3o relacionada [&hellip;]\" \/>\n<meta property=\"og:url\" content=\"https:\/\/vallis.pt\/es\/avisos-legales\/\" \/>\n<meta property=\"og:site_name\" content=\"Vallis Capital Partners\" \/>\n<meta property=\"article:modified_time\" content=\"2023-02-13T17:58:42+00:00\" \/>\n<meta name=\"twitter:card\" content=\"summary_large_image\" \/>\n<meta name=\"twitter:label1\" content=\"Tiempo de lectura\" \/>\n\t<meta name=\"twitter:data1\" content=\"4 minutos\" \/>\n<script type=\"application\/ld+json\" class=\"yoast-schema-graph\">{\"@context\":\"https:\\\/\\\/schema.org\",\"@graph\":[{\"@type\":\"WebPage\",\"@id\":\"https:\\\/\\\/vallis.pt\\\/es\\\/avisos-legales\\\/\",\"url\":\"https:\\\/\\\/vallis.pt\\\/es\\\/avisos-legales\\\/\",\"name\":\"Avisos legales - Vallis Capital Partners\",\"isPartOf\":{\"@id\":\"https:\\\/\\\/vallis.pt\\\/#website\"},\"datePublished\":\"2021-10-07T05:48:04+00:00\",\"dateModified\":\"2023-02-13T17:58:42+00:00\",\"breadcrumb\":{\"@id\":\"https:\\\/\\\/vallis.pt\\\/es\\\/avisos-legales\\\/#breadcrumb\"},\"inLanguage\":\"es\",\"potentialAction\":[{\"@type\":\"ReadAction\",\"target\":[\"https:\\\/\\\/vallis.pt\\\/es\\\/avisos-legales\\\/\"]}]},{\"@type\":\"BreadcrumbList\",\"@id\":\"https:\\\/\\\/vallis.pt\\\/es\\\/avisos-legales\\\/#breadcrumb\",\"itemListElement\":[{\"@type\":\"ListItem\",\"position\":1,\"name\":\"In\u00edcio\",\"item\":\"https:\\\/\\\/vallis.pt\\\/es\\\/\"},{\"@type\":\"ListItem\",\"position\":2,\"name\":\"Avisos legales\"}]},{\"@type\":\"WebSite\",\"@id\":\"https:\\\/\\\/vallis.pt\\\/#website\",\"url\":\"https:\\\/\\\/vallis.pt\\\/\",\"name\":\"VALLIS Capital Partners\",\"description\":\"\",\"publisher\":{\"@id\":\"https:\\\/\\\/vallis.pt\\\/#organization\"},\"potentialAction\":[{\"@type\":\"SearchAction\",\"target\":{\"@type\":\"EntryPoint\",\"urlTemplate\":\"https:\\\/\\\/vallis.pt\\\/?s={search_term_string}\"},\"query-input\":{\"@type\":\"PropertyValueSpecification\",\"valueRequired\":true,\"valueName\":\"search_term_string\"}}],\"inLanguage\":\"es\"},{\"@type\":\"Organization\",\"@id\":\"https:\\\/\\\/vallis.pt\\\/#organization\",\"name\":\"VALLIS Capital Partners\",\"alternateName\":\"Gestora de Fundos Independente, focada exclusivamente em Capital de Risco Private Equity\",\"url\":\"https:\\\/\\\/vallis.pt\\\/\",\"logo\":{\"@type\":\"ImageObject\",\"inLanguage\":\"es\",\"@id\":\"https:\\\/\\\/vallis.pt\\\/#\\\/schema\\\/logo\\\/image\\\/\",\"url\":\"https:\\\/\\\/vallis.pt\\\/wp-content\\\/uploads\\\/2021\\\/12\\\/cropped-favicon-vallis.png\",\"contentUrl\":\"https:\\\/\\\/vallis.pt\\\/wp-content\\\/uploads\\\/2021\\\/12\\\/cropped-favicon-vallis.png\",\"width\":512,\"height\":512,\"caption\":\"VALLIS Capital Partners\"},\"image\":{\"@id\":\"https:\\\/\\\/vallis.pt\\\/#\\\/schema\\\/logo\\\/image\\\/\"},\"sameAs\":[\"https:\\\/\\\/www.linkedin.com\\\/company\\\/valliscapitalpartners\\\/\"]}]}<\/script>\n<!-- \/ Yoast SEO plugin. -->","yoast_head_json":{"title":"Avisos legales - Vallis Capital Partners","robots":{"index":"index","follow":"follow","max-snippet":"max-snippet:-1","max-image-preview":"max-image-preview:large","max-video-preview":"max-video-preview:-1"},"canonical":"https:\/\/vallis.pt\/es\/avisos-legales\/","og_locale":"es_ES","og_type":"article","og_title":"Avisos legales - Vallis Capital Partners","og_description":"Data da \u00faltima revis\u00e3o do aviso legal: 20 de Julho de 2014 A Vallis Capital Partners, S.A. (doravante designada por \u00abVallis\u00bb) \u00e9 uma empresa que privilegia a privacidade. A declara\u00e7\u00e3o de privacidade estabelece os termos de protec\u00e7\u00e3o da informa\u00e7\u00e3o dos seus utilizadores recolhida atrav\u00e9s das p\u00e1ginas &#8230;. Caso os nossos visitantes tenham alguma quest\u00e3o relacionada [&hellip;]","og_url":"https:\/\/vallis.pt\/es\/avisos-legales\/","og_site_name":"Vallis Capital Partners","article_modified_time":"2023-02-13T17:58:42+00:00","twitter_card":"summary_large_image","twitter_misc":{"Tiempo de lectura":"4 minutos"},"schema":{"@context":"https:\/\/schema.org","@graph":[{"@type":"WebPage","@id":"https:\/\/vallis.pt\/es\/avisos-legales\/","url":"https:\/\/vallis.pt\/es\/avisos-legales\/","name":"Avisos legales - Vallis Capital Partners","isPartOf":{"@id":"https:\/\/vallis.pt\/#website"},"datePublished":"2021-10-07T05:48:04+00:00","dateModified":"2023-02-13T17:58:42+00:00","breadcrumb":{"@id":"https:\/\/vallis.pt\/es\/avisos-legales\/#breadcrumb"},"inLanguage":"es","potentialAction":[{"@type":"ReadAction","target":["https:\/\/vallis.pt\/es\/avisos-legales\/"]}]},{"@type":"BreadcrumbList","@id":"https:\/\/vallis.pt\/es\/avisos-legales\/#breadcrumb","itemListElement":[{"@type":"ListItem","position":1,"name":"In\u00edcio","item":"https:\/\/vallis.pt\/es\/"},{"@type":"ListItem","position":2,"name":"Avisos legales"}]},{"@type":"WebSite","@id":"https:\/\/vallis.pt\/#website","url":"https:\/\/vallis.pt\/","name":"VALLIS Capital Partners","description":"","publisher":{"@id":"https:\/\/vallis.pt\/#organization"},"potentialAction":[{"@type":"SearchAction","target":{"@type":"EntryPoint","urlTemplate":"https:\/\/vallis.pt\/?s={search_term_string}"},"query-input":{"@type":"PropertyValueSpecification","valueRequired":true,"valueName":"search_term_string"}}],"inLanguage":"es"},{"@type":"Organization","@id":"https:\/\/vallis.pt\/#organization","name":"VALLIS Capital Partners","alternateName":"Gestora de Fundos Independente, focada exclusivamente em Capital de Risco Private Equity","url":"https:\/\/vallis.pt\/","logo":{"@type":"ImageObject","inLanguage":"es","@id":"https:\/\/vallis.pt\/#\/schema\/logo\/image\/","url":"https:\/\/vallis.pt\/wp-content\/uploads\/2021\/12\/cropped-favicon-vallis.png","contentUrl":"https:\/\/vallis.pt\/wp-content\/uploads\/2021\/12\/cropped-favicon-vallis.png","width":512,"height":512,"caption":"VALLIS Capital Partners"},"image":{"@id":"https:\/\/vallis.pt\/#\/schema\/logo\/image\/"},"sameAs":["https:\/\/www.linkedin.com\/company\/valliscapitalpartners\/"]}]}},"_links":{"self":[{"href":"https:\/\/vallis.pt\/es\/wp-json\/wp\/v2\/pages\/1967","targetHints":{"allow":["GET"]}}],"collection":[{"href":"https:\/\/vallis.pt\/es\/wp-json\/wp\/v2\/pages"}],"about":[{"href":"https:\/\/vallis.pt\/es\/wp-json\/wp\/v2\/types\/page"}],"author":[{"embeddable":true,"href":"https:\/\/vallis.pt\/es\/wp-json\/wp\/v2\/users\/2"}],"replies":[{"embeddable":true,"href":"https:\/\/vallis.pt\/es\/wp-json\/wp\/v2\/comments?post=1967"}],"version-history":[{"count":0,"href":"https:\/\/vallis.pt\/es\/wp-json\/wp\/v2\/pages\/1967\/revisions"}],"wp:attachment":[{"href":"https:\/\/vallis.pt\/es\/wp-json\/wp\/v2\/media?parent=1967"}],"curies":[{"name":"wp","href":"https:\/\/api.w.org\/{rel}","templated":true}]}}