{"id":1980,"date":"2022-09-28T14:56:19","date_gmt":"2022-09-28T14:56:19","guid":{"rendered":"https:\/\/vallis.pt\/politica-cookies\/"},"modified":"2023-02-14T17:46:13","modified_gmt":"2023-02-14T17:46:13","slug":"politica-de-cookies","status":"publish","type":"page","link":"https:\/\/vallis.pt\/es\/politica-de-cookies\/","title":{"rendered":"Pol\u00edtica de Cookies"},"content":{"rendered":"<h3>1. Enquadramento<\/h3>\n<p>A presente Pol\u00edtica de Cookies informa como a <strong>VALLIS<\/strong>\u00a0trata as informa\u00e7\u00f5es que identificam ou tornam identific\u00e1veis os Utilizadores (\u201cDados Pessoais\u201d) mediante a instala\u00e7\u00e3o de cookies ou outras tecnologias similares nos seus websites, incluindo, mas sem limitar, nas p\u00e1ginas web do <a href=\"https:\/\/www.vallis.pt\/\">website<\/a>.<\/p>\n<p>A utiliza\u00e7\u00e3o do Website por qualquer Utilizador ser\u00e1 regulada pelos <a href=\"http:\/\/vallis.pt\/termos-condicoes\/\">Termos e Condi\u00e7\u00f5es de uso<\/a>, implicando a sua utiliza\u00e7\u00e3o uma aceita\u00e7\u00e3o dos mesmos pelo Utilizador. Caso o Utilizador rejeite os Termos e Condi\u00e7\u00f5es, deve cessar de imediato a utiliza\u00e7\u00e3o do Website.<\/p>\n<p>O Utilizador deve ainda ler e analisar a <a href=\"http:\/\/vallis.pt\/politica-de-privacidade\/\">Pol\u00edtica de Privacidade<\/a> aplic\u00e1vel ao Website, de modo a compreender como s\u00e3o recolhidos e utilizados os seus Dados Pessoais de acordo com o disposto e nos termos da legisla\u00e7\u00e3o aplic\u00e1vel em mat\u00e9ria de prote\u00e7\u00e3o de dados pessoais e privacidade.<\/p>\n<p>A <strong>VALLIS<\/strong> assegura o cumprimento do Regulamento (EU) 2016\/679 do Parlamento Europeu e do Conselho (\u00abRGPD\u00bb) e de toda a legisla\u00e7\u00e3o aplic\u00e1vel em mat\u00e9ria \u00e0 prote\u00e7\u00e3o de dados pessoais e de privacidade, em qualquer tratamento de Dados Pessoais que realize no Website.<\/p>\n<h3>2. Defini\u00e7\u00e3o de \u201cCookies\u201d<\/h3>\n<p>Cookies s\u00e3o ficheiros de software que o Website ou aplica\u00e7\u00f5es instalam nos browsers ou dispositivos dos Utilizadores durante a respetiva navega\u00e7\u00e3o e que s\u00e3o utlizados para armazenar informa\u00e7\u00f5es sobre a navega\u00e7\u00e3o, normalmente em arquivos de texto. Na presente Pol\u00edtica de Cookies, referimo-nos \u00e0s cookies e \u00e0s tecnologias similares em conjunto como \u201cCookies.\u201d<\/p>\n<p>Como a maioria dos websites e p\u00e1ginas web, a <strong>VALLIS<\/strong> utiliza Cookies para:<\/p>\n<ul>\n<li>Certificar-se de que o Website est\u00e1 a funcionar corretamente;<\/li>\n<li>Armazenar as prefer\u00eancias do Utilizador, assim como o idioma selecionado e o tamanho da fonte;<\/li>\n<li>Descobrir os detalhes da experi\u00eancia de navega\u00e7\u00e3o do Utilizador; e,<\/li>\n<li>Recolher informa\u00e7\u00e3o estat\u00edstica an\u00f3nima, como por exemplo, as p\u00e1ginas que o Utilizador visita e quanto tempo permanece em cada p\u00e1gina web.<\/li>\n<\/ul>\n<p>A utiliza\u00e7\u00e3o de Cookies e tecnologias similares permite assegurar o acesso, funcionamento e adapta\u00e7\u00e3o do Website \u00e0s prefer\u00eancias dos Utilizadores e de terceiros para que funcionem corretamente, bem como a personaliza\u00e7\u00e3o de conte\u00fados e an\u00fancios publicit\u00e1rios com base nos h\u00e1bitos de navega\u00e7\u00e3o.<\/p>\n<h3>3. Tipos, finalidades e funcionamento<\/h3>\n<p>As Cookies podem ser classificadas como (i) Cookies de sess\u00e3o ou (ii) Cookies permanentes:<\/p>\n<ul>\n<li>i. O primeiro tipo de Cookies s\u00e3o tempor\u00e1rios, expiram quando o Utilizador fecha o browser ou o dispositivo. A informa\u00e7\u00e3o obtida permite identificar e solucionar problemas durante a sess\u00e3o para oferecer uma melhor experi\u00eancia de navega\u00e7\u00e3o; e,<\/li>\n<li>ii. O segundo tipo de Cookies expira quando o seu objetivo foi conclu\u00eddo (por exemplo, identificar o Utilizador na Website) ou quando s\u00e3o desativados manualmente por op\u00e7\u00e3o. Geralmente, s\u00e3o utilizados para direcionar a navega\u00e7\u00e3o e responder aos interesses do Utilizador, promovendo um servi\u00e7o mais personalizado.<\/li>\n<\/ul>\n<p>Dependendo da sua finalidade, as Cookies podem ser classificadas como:<\/p>\n<ul>\n<li>Cookies estritamente necess\u00e1rios: Cookies necess\u00e1rios ou t\u00e9cnicos s\u00e3o utilizados para ativar funcionalidades essenciais do Website e que n\u00e3o podem ser desativados nos sistemas da VALLIS. Por norma, estas Cookies s\u00e3o instalados quando os Utilizadores acedem ou efetuam login nas p\u00e1ginas web, sendo utilizadas para a identifica\u00e7\u00e3o dos Utilizadores, tendo como principais objetivos: (i) manter o Utilizador identificado para que, quando este deixar a p\u00e1gina web e voltar mais tarde, ainda possa ser identificado, tornando mais f\u00e1cil a navega\u00e7\u00e3o sem ser necess\u00e1rio efetuar um novo login ou (ii) certificar-se de que os Utilizadores t\u00eam autoriza\u00e7\u00e3o de acesso a determinadas \u00e1reas ou servi\u00e7os da p\u00e1gina web. Utilizam-se estas Cookies para permitir a gest\u00e3o Website, bem como a utiliza\u00e7\u00e3o de funcionalidades e servi\u00e7os essenciais durante a navega\u00e7\u00e3o. A desativa\u00e7\u00e3o e bloqueio deste tipo de Cookies poder\u00e1 realizar-se diretamente no browser do Utilizador, contando, contudo, que o acesso ao Website pode ser bloqueado pela VALLIS ou algumas p\u00e1ginas web poder\u00e3o n\u00e3o funcionar corretamente.<\/li>\n<li>Cookies de desempenho e de an\u00e1lise: Cookies de desempenho e an\u00e1lise, pr\u00f3prios ou de terceiros, s\u00e3o utilizados para analisar as fontes de tr\u00e1fego e quantificar o n\u00famero de Utilizadores, permitindo a medi\u00e7\u00e3o e an\u00e1lise estat\u00edstica para melhorar o desempenho do servi\u00e7o prestado no Website. Ajudam a entender quais as p\u00e1ginas web mais ou menos visitadas e prefer\u00eancias dos Utilizadores. A informa\u00e7\u00e3o \u00e9 recolhida e analisada em formato agregado e para efeitos estat\u00edsticos.<\/li>\n<li>Cookies funcionais: Cookies funcionais s\u00e3o usados para disponibilizar funcionalidades espec\u00edficas do Website, permitindo ao Utilizador aproveitar um conjunto de servi\u00e7os como a conversa\u00e7\u00e3o em tempo real ou op\u00e7\u00f5es de conte\u00fado multim\u00e9dia. Estas Cookies podem ser pr\u00f3prios ou de terceiros, quando as funcionalidades do Website sejam contratadas em regime de presta\u00e7\u00e3o de servi\u00e7os. Caso o Utilizador n\u00e3o permita a utiliza\u00e7\u00e3o destas Cookies, \u00e9 poss\u00edvel que algumas funcionalidades do Website n\u00e3o funcionem corretamente.<\/li>\n<\/ul>\n<h3>4. Controlar e desativar Cookies<\/h3>\n<p>A <strong>VALLIS<\/strong> disponibiliza aos Utilizadores um Centro de Prefer\u00eancias onde s\u00e3o fornecidas informa\u00e7\u00f5es detalhadas sobre os tipos de Cookies utilizados no Website. Os Utilizadores podem selecionar que tipos de Cookies que pretendem instalar no seu browser ou dispositivo utilizado para aceder ao Website e gravar essas prefer\u00eancias para navega\u00e7\u00f5es futuras.<\/p>\n<p>Os browsers ou dispositivos tamb\u00e9m oferecem configura\u00e7\u00f5es que permitem ao Utilizador aceitar, recusar ou apagar Cookies, nomeadamente atrav\u00e9s da sele\u00e7\u00e3o das configura\u00e7\u00f5es apropriadas. O Utilizador pode configurar as Cookies no menu \u00abOp\u00e7\u00f5es\u00bb ou \u00abPrefer\u00eancias\u00bb do seu browser ou dispositivo. No entanto, \u00e9 importante destacar que a desativa\u00e7\u00e3o das Cookies pode impedir que o Website funcione corretamente, afetando, total ou parcialmente, as funcionalidades do Website.<\/p>\n<p>Os Utilizadores podem configurar as Cookies atrav\u00e9s das seguintes hiperliga\u00e7\u00f5es disponibilizadas nos browsers mais populares:<\/p>\n<ul>\n<li><a href=\"https:\/\/support.google.com\/accounts\/answer\/61416?co=GENIE.Platform%3DDesktop&amp;hl=pt-BR\">Google Chrome<\/a><\/li>\n<li><a href=\"https:\/\/support.microsoft.com\/pt-br\/help\/4468242\/microsoft-edge-browsing-data-and-privacy\">Microsoft Edge<\/a><\/li>\n<li><a href=\"https:\/\/support.mozilla.org\/pt-BR\/kb\/protecao-aprimorada-contra-rastreamento-firefox-desktop\">Mozilla Firefox<\/a><\/li>\n<li><a href=\"https:\/\/support.microsoft.com\/pt-br\/help\/17442\/windows-internet-explorer-delete-manage-cookies\">Microsoft Internet Explorer<\/a><\/li>\n<li><a href=\"https:\/\/www.opera.com\/help\/tutorials\/security\/privacy\/\">Opera<\/a><\/li>\n<li><a href=\"https:\/\/support.apple.com\/pt-br\/safari\">Apple Safari<\/a><\/li>\n<\/ul>\n<p>Caso o Utilizador pretenda opor-se a Cookies de terceiros, tamb\u00e9m poder\u00e1 faz\u00ea-lo atrav\u00e9s dos wesbites <a href=\"http:\/\/aboutads.info\/choices\">http:\/\/aboutads.info\/choices<\/a> ou <a href=\"https:\/\/www.youronlinechoices.com\/pt\/your-ad-choices\">https:\/\/www.youronlinechoices.com\/pt\/your-ad-choices<\/a>.<\/p>\n<p>Se o Utilizador aceitar a instala\u00e7\u00e3o de Cookies pertencentes a terceiros, por exemplo, no \u00e2mbito dos servi\u00e7os Google Analytics, poder\u00e1 ainda desinstal\u00e1-los posteriormente atrav\u00e9s da configura\u00e7\u00e3o no seu browser ou pela instala\u00e7\u00e3o do suplemento de desativa\u00e7\u00e3o dispon\u00edvel em <a href=\"https:\/\/tools.google.com\/dlpage\/gaoptout\">https:\/\/tools.google.com\/dlpage\/gaoptout<\/a>.<\/p>\n<h3>5. Garantias adicionais e revoga\u00e7\u00e3o da aceita\u00e7\u00e3o<\/h3>\n<p>A <strong>VALLIS<\/strong> n\u00e3o ser\u00e1 respons\u00e1vel pelo conte\u00fado e veracidade das informa\u00e7\u00f5es sobre o tratamento de dados pessoais de terceiros, incluindo, sem limitar, nas pol\u00edticas de privacidade disponibilizadas no seu wesbite.<\/p>\n<p>Como garantia adicional, a instala\u00e7\u00e3o de Cookies no Website pode estar sujeita a que o utilizador aceite as Cookies durante a sua navega\u00e7\u00e3o e \u00e0 instala\u00e7\u00e3o ou atualiza\u00e7\u00e3o do browser utilizado. Esta aceita\u00e7\u00e3o pode ser revogada a qualquer momento nas configura\u00e7\u00f5es do conte\u00fado e privacidade, tal como definido anteriormente na presente Pol\u00edtica de Cookies.<\/p>\n<h3>6. Atualiza\u00e7\u00e3o da Pol\u00edtica de Cookies<\/h3>\n<p>A <strong>VALLIS<\/strong> pode modificar esta Pol\u00edtica de Cookies em conformidade com os requisitos legais ou regulamentares ou adaptar esta pol\u00edtica a novas instru\u00e7\u00f5es decretadas por lei.<\/p>\n<h3>7. D\u00favidas<\/h3>\n<p>Caso tenha alguma d\u00favida quanto aos termos de funcionamento dos cookies utilizados pela VALLIS, poder\u00e1 contactar-nos atrav\u00e9s de: <a href=\"mailto:info@vallis.pt\">info@vallis.pt<\/a>.<\/p>\n<p><strong>\u00daltima modifica\u00e7\u00e3o<\/strong>: 29 de Novembro, 2022<\/p>\n","protected":false},"excerpt":{"rendered":"<p>1. Enquadramento A presente Pol\u00edtica de Cookies informa como a VALLIS\u00a0trata as informa\u00e7\u00f5es que identificam ou tornam identific\u00e1veis os Utilizadores (\u201cDados Pessoais\u201d) mediante a instala\u00e7\u00e3o de cookies ou outras tecnologias similares nos seus websites, incluindo, mas sem limitar, nas p\u00e1ginas web do website. A utiliza\u00e7\u00e3o do Website por qualquer Utilizador ser\u00e1 regulada pelos Termos e [&hellip;]<\/p>\n","protected":false},"author":2,"featured_media":0,"parent":0,"menu_order":0,"comment_status":"closed","ping_status":"closed","template":"","meta":{"_acf_changed":false,"footnotes":""},"class_list":["post-1980","page","type-page","status-publish","hentry"],"acf":[],"yoast_head":"<!-- This site is optimized with the Yoast SEO plugin v27.3 - https:\/\/yoast.com\/product\/yoast-seo-wordpress\/ -->\n<title>Pol\u00edtica de Cookies - Vallis Capital Partners<\/title>\n<meta name=\"robots\" content=\"index, follow, max-snippet:-1, max-image-preview:large, max-video-preview:-1\" \/>\n<link rel=\"canonical\" href=\"https:\/\/vallis.pt\/es\/politica-de-cookies\/\" \/>\n<meta property=\"og:locale\" content=\"es_ES\" \/>\n<meta property=\"og:type\" content=\"article\" \/>\n<meta property=\"og:title\" content=\"Pol\u00edtica de Cookies - Vallis Capital Partners\" \/>\n<meta property=\"og:description\" content=\"1. Enquadramento A presente Pol\u00edtica de Cookies informa como a VALLIS\u00a0trata as informa\u00e7\u00f5es que identificam ou tornam identific\u00e1veis os Utilizadores (\u201cDados Pessoais\u201d) mediante a instala\u00e7\u00e3o de cookies ou outras tecnologias similares nos seus websites, incluindo, mas sem limitar, nas p\u00e1ginas web do website. A utiliza\u00e7\u00e3o do Website por qualquer Utilizador ser\u00e1 regulada pelos Termos e [&hellip;]\" \/>\n<meta property=\"og:url\" content=\"https:\/\/vallis.pt\/es\/politica-de-cookies\/\" \/>\n<meta property=\"og:site_name\" content=\"Vallis Capital Partners\" \/>\n<meta property=\"article:modified_time\" content=\"2023-02-14T17:46:13+00:00\" \/>\n<meta name=\"twitter:card\" content=\"summary_large_image\" \/>\n<meta name=\"twitter:label1\" content=\"Tiempo de lectura\" \/>\n\t<meta name=\"twitter:data1\" content=\"7 minutos\" \/>\n<script type=\"application\/ld+json\" class=\"yoast-schema-graph\">{\"@context\":\"https:\\\/\\\/schema.org\",\"@graph\":[{\"@type\":\"WebPage\",\"@id\":\"https:\\\/\\\/vallis.pt\\\/es\\\/politica-de-cookies\\\/\",\"url\":\"https:\\\/\\\/vallis.pt\\\/es\\\/politica-de-cookies\\\/\",\"name\":\"Pol\u00edtica de Cookies - Vallis Capital Partners\",\"isPartOf\":{\"@id\":\"https:\\\/\\\/vallis.pt\\\/#website\"},\"datePublished\":\"2022-09-28T14:56:19+00:00\",\"dateModified\":\"2023-02-14T17:46:13+00:00\",\"breadcrumb\":{\"@id\":\"https:\\\/\\\/vallis.pt\\\/es\\\/politica-de-cookies\\\/#breadcrumb\"},\"inLanguage\":\"es\",\"potentialAction\":[{\"@type\":\"ReadAction\",\"target\":[\"https:\\\/\\\/vallis.pt\\\/es\\\/politica-de-cookies\\\/\"]}]},{\"@type\":\"BreadcrumbList\",\"@id\":\"https:\\\/\\\/vallis.pt\\\/es\\\/politica-de-cookies\\\/#breadcrumb\",\"itemListElement\":[{\"@type\":\"ListItem\",\"position\":1,\"name\":\"In\u00edcio\",\"item\":\"https:\\\/\\\/vallis.pt\\\/es\\\/\"},{\"@type\":\"ListItem\",\"position\":2,\"name\":\"Pol\u00edtica de Cookies\"}]},{\"@type\":\"WebSite\",\"@id\":\"https:\\\/\\\/vallis.pt\\\/#website\",\"url\":\"https:\\\/\\\/vallis.pt\\\/\",\"name\":\"VALLIS Capital Partners\",\"description\":\"\",\"publisher\":{\"@id\":\"https:\\\/\\\/vallis.pt\\\/#organization\"},\"potentialAction\":[{\"@type\":\"SearchAction\",\"target\":{\"@type\":\"EntryPoint\",\"urlTemplate\":\"https:\\\/\\\/vallis.pt\\\/?s={search_term_string}\"},\"query-input\":{\"@type\":\"PropertyValueSpecification\",\"valueRequired\":true,\"valueName\":\"search_term_string\"}}],\"inLanguage\":\"es\"},{\"@type\":\"Organization\",\"@id\":\"https:\\\/\\\/vallis.pt\\\/#organization\",\"name\":\"VALLIS Capital Partners\",\"alternateName\":\"Gestora de Fundos Independente, focada exclusivamente em Capital de Risco Private Equity\",\"url\":\"https:\\\/\\\/vallis.pt\\\/\",\"logo\":{\"@type\":\"ImageObject\",\"inLanguage\":\"es\",\"@id\":\"https:\\\/\\\/vallis.pt\\\/#\\\/schema\\\/logo\\\/image\\\/\",\"url\":\"https:\\\/\\\/vallis.pt\\\/wp-content\\\/uploads\\\/2021\\\/12\\\/cropped-favicon-vallis.png\",\"contentUrl\":\"https:\\\/\\\/vallis.pt\\\/wp-content\\\/uploads\\\/2021\\\/12\\\/cropped-favicon-vallis.png\",\"width\":512,\"height\":512,\"caption\":\"VALLIS Capital Partners\"},\"image\":{\"@id\":\"https:\\\/\\\/vallis.pt\\\/#\\\/schema\\\/logo\\\/image\\\/\"},\"sameAs\":[\"https:\\\/\\\/www.linkedin.com\\\/company\\\/valliscapitalpartners\\\/\"]}]}<\/script>\n<!-- \/ Yoast SEO plugin. -->","yoast_head_json":{"title":"Pol\u00edtica de Cookies - Vallis Capital Partners","robots":{"index":"index","follow":"follow","max-snippet":"max-snippet:-1","max-image-preview":"max-image-preview:large","max-video-preview":"max-video-preview:-1"},"canonical":"https:\/\/vallis.pt\/es\/politica-de-cookies\/","og_locale":"es_ES","og_type":"article","og_title":"Pol\u00edtica de Cookies - Vallis Capital Partners","og_description":"1. Enquadramento A presente Pol\u00edtica de Cookies informa como a VALLIS\u00a0trata as informa\u00e7\u00f5es que identificam ou tornam identific\u00e1veis os Utilizadores (\u201cDados Pessoais\u201d) mediante a instala\u00e7\u00e3o de cookies ou outras tecnologias similares nos seus websites, incluindo, mas sem limitar, nas p\u00e1ginas web do website. A utiliza\u00e7\u00e3o do Website por qualquer Utilizador ser\u00e1 regulada pelos Termos e [&hellip;]","og_url":"https:\/\/vallis.pt\/es\/politica-de-cookies\/","og_site_name":"Vallis Capital Partners","article_modified_time":"2023-02-14T17:46:13+00:00","twitter_card":"summary_large_image","twitter_misc":{"Tiempo de lectura":"7 minutos"},"schema":{"@context":"https:\/\/schema.org","@graph":[{"@type":"WebPage","@id":"https:\/\/vallis.pt\/es\/politica-de-cookies\/","url":"https:\/\/vallis.pt\/es\/politica-de-cookies\/","name":"Pol\u00edtica de Cookies - Vallis Capital Partners","isPartOf":{"@id":"https:\/\/vallis.pt\/#website"},"datePublished":"2022-09-28T14:56:19+00:00","dateModified":"2023-02-14T17:46:13+00:00","breadcrumb":{"@id":"https:\/\/vallis.pt\/es\/politica-de-cookies\/#breadcrumb"},"inLanguage":"es","potentialAction":[{"@type":"ReadAction","target":["https:\/\/vallis.pt\/es\/politica-de-cookies\/"]}]},{"@type":"BreadcrumbList","@id":"https:\/\/vallis.pt\/es\/politica-de-cookies\/#breadcrumb","itemListElement":[{"@type":"ListItem","position":1,"name":"In\u00edcio","item":"https:\/\/vallis.pt\/es\/"},{"@type":"ListItem","position":2,"name":"Pol\u00edtica de Cookies"}]},{"@type":"WebSite","@id":"https:\/\/vallis.pt\/#website","url":"https:\/\/vallis.pt\/","name":"VALLIS Capital Partners","description":"","publisher":{"@id":"https:\/\/vallis.pt\/#organization"},"potentialAction":[{"@type":"SearchAction","target":{"@type":"EntryPoint","urlTemplate":"https:\/\/vallis.pt\/?s={search_term_string}"},"query-input":{"@type":"PropertyValueSpecification","valueRequired":true,"valueName":"search_term_string"}}],"inLanguage":"es"},{"@type":"Organization","@id":"https:\/\/vallis.pt\/#organization","name":"VALLIS Capital Partners","alternateName":"Gestora de Fundos Independente, focada exclusivamente em Capital de Risco Private Equity","url":"https:\/\/vallis.pt\/","logo":{"@type":"ImageObject","inLanguage":"es","@id":"https:\/\/vallis.pt\/#\/schema\/logo\/image\/","url":"https:\/\/vallis.pt\/wp-content\/uploads\/2021\/12\/cropped-favicon-vallis.png","contentUrl":"https:\/\/vallis.pt\/wp-content\/uploads\/2021\/12\/cropped-favicon-vallis.png","width":512,"height":512,"caption":"VALLIS Capital Partners"},"image":{"@id":"https:\/\/vallis.pt\/#\/schema\/logo\/image\/"},"sameAs":["https:\/\/www.linkedin.com\/company\/valliscapitalpartners\/"]}]}},"_links":{"self":[{"href":"https:\/\/vallis.pt\/es\/wp-json\/wp\/v2\/pages\/1980","targetHints":{"allow":["GET"]}}],"collection":[{"href":"https:\/\/vallis.pt\/es\/wp-json\/wp\/v2\/pages"}],"about":[{"href":"https:\/\/vallis.pt\/es\/wp-json\/wp\/v2\/types\/page"}],"author":[{"embeddable":true,"href":"https:\/\/vallis.pt\/es\/wp-json\/wp\/v2\/users\/2"}],"replies":[{"embeddable":true,"href":"https:\/\/vallis.pt\/es\/wp-json\/wp\/v2\/comments?post=1980"}],"version-history":[{"count":0,"href":"https:\/\/vallis.pt\/es\/wp-json\/wp\/v2\/pages\/1980\/revisions"}],"wp:attachment":[{"href":"https:\/\/vallis.pt\/es\/wp-json\/wp\/v2\/media?parent=1980"}],"curies":[{"name":"wp","href":"https:\/\/api.w.org\/{rel}","templated":true}]}}