{"id":1981,"date":"2022-09-28T14:56:09","date_gmt":"2022-09-28T14:56:09","guid":{"rendered":"https:\/\/vallis.pt\/politica-de-privacidade\/"},"modified":"2023-02-14T17:46:30","modified_gmt":"2023-02-14T17:46:30","slug":"politica-de-privacidad","status":"publish","type":"page","link":"https:\/\/vallis.pt\/es\/politica-de-privacidad\/","title":{"rendered":"Pol\u00edtica de Privacidad"},"content":{"rendered":"<h3>1. ENQUADRAMENTO<\/h3>\n<p>Esta Pol\u00edtica de Privacidade disponibiliza informa\u00e7\u00f5es sobre o tratamento dos dados pessoais dos utilizadores (doravante \u201cUtilizador\u201d ou \u201cUtilizadores\u201d) recolhidos no \u00e2mbito da utiliza\u00e7\u00e3o deste website https:\/\/www.vallis.pt\/ (doravante \u201cWebsite\u201d),.<\/p>\n<p>Poder\u00e3o ser Utilizadores do Website, sem limitar:<\/p>\n<ul>\n<li>i. Todos os visitantes do Website;<\/li>\n<li>ii. Visitantes que pretendam candidatar-se a oportunidades de emprego;<\/li>\n<li>iii. Todos os clientes ou potenciais clientes, investidores, compradores, vendedores ou parceiros da <strong>VALLIS<\/strong>, bem como respetivos representantes legais.<\/li>\n<\/ul>\n<p>A <strong>VALLIS<\/strong> assegura o cumprimento das obriga\u00e7\u00f5es decorrentes do Regulamento (UE) 2016\/679 do Parlamento Europeu e do Conselho (doravante \u201cRGPD\u201d) e demais legisla\u00e7\u00e3o sobre mat\u00e9ria de prote\u00e7\u00e3o de dados pessoais e privacidade.<\/p>\n<p>O respeito pela privacidade dos seus Utilizadores e o cumprimento das obriga\u00e7\u00f5es legais aplic\u00e1veis nesta mat\u00e9ria \u00e9 uma prioridade para a <strong>VALLIS<\/strong>. Garantimos aos Utilizadores o respeito pelos seus direitos, incluindo em mat\u00e9ria de prote\u00e7\u00e3o de dados pessoais e respetiva privacidade, adotando as medidas necess\u00e1rias para salvaguardar \u00e0s atividades de tratamento.<\/p>\n<p>A disponibiliza\u00e7\u00e3o dos dados pessoais implica o conhecimento e aceita\u00e7\u00e3o das condi\u00e7\u00f5es de utiliza\u00e7\u00e3o do Website dispon\u00edveis para consulta em <a href=\"https:\/\/vallis.pt\/termos-condicoes\/\">https:\/\/vallis.pt\/termos-condicoes<\/a> (adiante designados por \u201cTermos e Condi\u00e7\u00f5es\u201d).<\/p>\n<p>A Pol\u00edtica de Privacidade aplica-se exclusivamente ao tratamento de dados pessoais efetuados pela <strong>VALLIS<\/strong> no contexto dos fins aqui estabelecidos, nos quais a informa\u00e7\u00e3o pessoal \u00e9 considerada relativa a uma pessoa singular, de qualquer natureza e independente do seu suporte, que identifique ou permita identificar essa pessoa.<\/p>\n<p>A Respons\u00e1vel pelo Tratamento dos dados pessoais dos Utilizadores \u00e9 a <strong>VALLIS CAPITAL PARTNERS<\/strong> (\u201cVALLIS\u201d), com sede em Avenida da Boavista, 36, 1\u00ba Piso, 4050-112, no Porto, com o n\u00famero \u00fanico de matr\u00edcula e pessoa coletiva 509309491.<\/p>\n<h3>2. FINALIDADES, FUNDAMENTO DE LICITUDE E PRAZO DE CONSERVA\u00c7\u00c3O<\/h3>\n<p>O Utilizador pode aceder, navegar e utilizar este s\u00edtio da internet sem fornecer qualquer informa\u00e7\u00e3o pessoal, sem preju\u00edzo dos dados de navega\u00e7\u00e3o necess\u00e1rios \u00e0 correta gest\u00e3o do Website. No entanto, a utiliza\u00e7\u00e3o de determinadas ferramentas do Website pode implicar o fornecimento de dados pessoais.<\/p>\n<p>Neste \u00e2mbito, o tratamento dos dados tem as seguintes finalidades, fundamentos de licitude e prazos de conserva\u00e7\u00e3o:<\/p>\n<p><strong>Gest\u00e3o do Website<\/strong><\/p>\n<p>O tratamento destes dados \u00e9 necess\u00e1rio para permitir o acesso e utiliza\u00e7\u00e3o do Website, fundamentando-se o tratamento na execu\u00e7\u00e3o de um contrato cujos termos se regem pelos Termos e Condi\u00e7\u00f5es de utiliza\u00e7\u00e3o do Website e, no omisso, pelos princ\u00edpios gerais do direito.<\/p>\n<p>Os dados ser\u00e3o conservados pelo per\u00edodo de tr\u00eas meses ap\u00f3s a \u00faltima visita ao Website.<\/p>\n<p><strong>Candidaturas <\/strong><\/p>\n<p>O tratamento destes dados \u00e9 necess\u00e1rio para efeitos de recrutamento e respetiva sele\u00e7\u00e3o de colaboradores. Este tratamento fundamenta-se em dilig\u00eancias pr\u00e9-contratuais a pedido do Utilizador.<\/p>\n<p>Os dados ser\u00e3o conservados durante 18 (dezoito) meses ap\u00f3s a \u00faltima intera\u00e7\u00e3o no caso do candidato n\u00e3o ser selecionado e durante o per\u00edodo em que se mantiver a rela\u00e7\u00e3o profissional nos restantes casos.<\/p>\n<p><strong>Gest\u00e3o da rela\u00e7\u00e3o contratual com clientes e outras entidades <\/strong><\/p>\n<p>O tratamento destes dados \u00e9 necess\u00e1rio para efeitos de celebra\u00e7\u00e3o, execu\u00e7\u00e3o e gest\u00e3o de contratos em que os clientes ou outras entidades sejam parte, ou para dilig\u00eancias pr\u00e9-contratuais a seu pedido. Estes dados ser\u00e3o tratados no contexto de uma rela\u00e7\u00e3o comercial celebrada com a <strong>VALLIS<\/strong>.<\/p>\n<p>Os dados ser\u00e3o conservados at\u00e9 1 (um) ano ap\u00f3s o termo do contrato ou, n\u00e3o tendo sido celebrado, at\u00e9 6 (seis) meses ap\u00f3s o in\u00edcio do processo de contrata\u00e7\u00e3o sem conclus\u00e3o, sem preju\u00edzo de serem conservados por per\u00edodo superior em cumprimento de obriga\u00e7\u00f5es legais espec\u00edficas.<\/p>\n<p><strong>Preven\u00e7\u00e3o de crimes de branqueamento de capitais e financiamento ao terrorismo <\/strong><\/p>\n<p>O tratamento destes dados \u00e9 necess\u00e1rio para verifica\u00e7\u00e3o de listas de pessoas e entidades sujeitas a san\u00e7\u00f5es financeiras ou comerciais ou identifica\u00e7\u00e3o e reporte de opera\u00e7\u00f5es suspeitas. Este tratamento fundamenta-se em dilig\u00eancias pr\u00e9-contratuais e no cumprimento de obriga\u00e7\u00f5es legais.<\/p>\n<p>Os dados ser\u00e3o conservados pelo per\u00edodo de 7 (sete) anos ap\u00f3s o termo da rela\u00e7\u00e3o contratual.<\/p>\n<p><strong>Gest\u00e3o de contactos e reclama\u00e7\u00f5es<\/strong><\/p>\n<p>O tratamento destes dados \u00e9 necess\u00e1rio para rece\u00e7\u00e3o, an\u00e1lise e resposta a pedidos de informa\u00e7\u00e3o e reclama\u00e7\u00f5es. Este tratamento fundamenta-se no interesse leg\u00edtimo da empresa em dar o devido seguimento aos seus pedidos e no cumprimento de obriga\u00e7\u00f5es legais.<\/p>\n<p>Os seus dados ser\u00e3o conservados, por imposi\u00e7\u00e3o legal, pelo prazo de 3 (tr\u00eas) anos.<\/p>\n<p>A <strong>VALLIS<\/strong> efetua tratamentos de dados necess\u00e1rios para garantir o cumprimento das diversas obriga\u00e7\u00f5es legais, incluindo, sem limitar, a legisla\u00e7\u00e3o:<\/p>\n<ul>\n<li>relativa \u00e0 preven\u00e7\u00e3o e combate ao branqueamento de capitais e ao financiamento ao terrorismo;<\/li>\n<li>tribut\u00e1ria; e\/ou<\/li>\n<li>relativa \u00e0 prote\u00e7\u00e3o de dados pessoais.<\/li>\n<\/ul>\n<p>Os dados s\u00e3o armazenados e utilizados pelo per\u00edodo estritamente necess\u00e1rio para as finalidades para as quais foram recolhidos, exceto se outro prazo de conserva\u00e7\u00e3o decorrer da aplica\u00e7\u00e3o direta da lei.<\/p>\n<p>Real\u00e7amos que os seus dados pessoais podem ser mantidos pelos per\u00edodos de prescri\u00e7\u00e3o ou caducidade nos termos gerais de direito ou at\u00e9 o tr\u00e2nsito em julgado de uma a\u00e7\u00e3o judicial.<\/p>\n<p>No final dos per\u00edodos enunciados, os seus dados pessoais ser\u00e3o apagados ou irreversivelmente anonimizados.<\/p>\n<h3>3. DADOS PESSOAIS TRATADOS<\/h3>\n<p>No contexto das finalidades enunciadas, a <strong>VALLIS<\/strong> trata apenas os dados pessoais estritamente necess\u00e1rios para a prossecu\u00e7\u00e3o das mesmas, nomeadamente:<\/p>\n<ul>\n<li>Dados de identifica\u00e7\u00e3o pessoal (p.ex. nome completo, idade, sexo, nacionalidade, naturalidade, documento de identifica\u00e7\u00e3o, fotografia, estado civil, nomes dos elementos do agregado familiar, n\u00famero de dependentes, visto de resid\u00eancia, e-mail, telefone e morada e comprovativo de morda);<\/li>\n<li>Recrutamento (p.ex., data candidatura, resultado da entrevista, resultado testes ou provas de admiss\u00e3o, curriculum vitae e certificado de habilita\u00e7\u00f5es);<\/li>\n<li>Meios de pagamento e transa\u00e7\u00f5es (p.ex. n\u00famero de conta, IBAN\/NIB, n\u00famero, descri\u00e7\u00e3o, data, valor da transa\u00e7\u00e3o);<\/li>\n<li>Situa\u00e7\u00e3o financeira (p.ex., rendimentos e remunera\u00e7\u00f5es, penhoras, valores de d\u00edvida, declara\u00e7\u00e3o de benef\u00edcios, classe de risco, posi\u00e7\u00e3o acionista, patrim\u00f3nio financeiro ou responsabilidades no setor financeiro);<\/li>\n<li>Processos judiciais (p.ex., a\u00e7\u00f5es judiciais, n\u00famero de processo judicial, processo de contencioso, tipo de processo, resultado do processo, cr\u00e9ditos referentes); e\/ouDados de navega\u00e7\u00e3o web (p.ex., identificador eletr\u00f3nico, data\/hora de in\u00edcio ou fim da conex\u00e3o, hist\u00f3rico de intera\u00e7\u00f5es e host).<\/li>\n<\/ul>\n<p>A <strong>VALLIS<\/strong> n\u00e3o trata categorias de dados sens\u00edveis que revelem a origem racial ou \u00e9tnica, as opini\u00f5es pol\u00edticas, as convic\u00e7\u00f5es religiosas ou filos\u00f3ficas, ou a filia\u00e7\u00e3o sindical, bem como o tratamento de dados gen\u00e9ticos, dados biom\u00e9tricos para identificar uma pessoa de forma inequ\u00edvoca, dados relativos \u00e0 sa\u00fade ou dados relativos \u00e0 vida sexual ou orienta\u00e7\u00e3o sexual de uma pessoa.<\/p>\n<h3>4. DIREITOS DOS TITULARES DE DADOS PESSOAIS<\/h3>\n<p>Nos termos da lei aplic\u00e1vel e enquanto titulares de dados pessoais, o Utilizador pode a qualquer altura solicitar o direito de acesso, retifica\u00e7\u00e3o e elimina\u00e7\u00e3o dos seus dados pessoais tal como pode cancelar o seu consentimento para o tratamento dos seus dados pessoais para o futuro, quando este tiver sido a base de licitude do tratamento.<\/p>\n<p>Os dados pessoais do Utilizador ser\u00e3o eliminados se o seu consentimento para o respetivo armazenamento for retirado, se a informa\u00e7\u00e3o dos dados pessoais para alcan\u00e7ar a finalidade pretendida n\u00e3o for mais necess\u00e1ria ou se o armazenamento dos dados pessoais for inadmiss\u00edvel devido a outras raz\u00f5es legais.<\/p>\n<p>Para efeitos de exerc\u00edcio dos seus direitos poder\u00e1 submeter os mesmo por escrito para o seguinte endere\u00e7o: Avenida da Boavista, 36, 1\u00ba Piso, 4050-112, no Porto.<\/p>\n<p>O Utilizador tem o direito de apresentar reclama\u00e7\u00f5es junto da autoridade de controlo competente, relativamente a mat\u00e9rias relacionadas com o tratamento dos seus dados pessoais.<br \/>\nEm Portugal, a autoridade de controlo competente \u00e9 a Comiss\u00e3o Nacional de Prote\u00e7\u00e3o de Dados.<\/p>\n<p>Para mais informa\u00e7\u00f5es, aceda a <a href=\"https:\/\/www.cnpd.pt\">www.cnpd.pt<\/a>.<\/p>\n<h3>5. PARTILHA DE DADOS PESSOAIS<\/h3>\n<p>A <strong>VALLIS<\/strong> poder\u00e1 transmitir os seus dados a entidades por si subcontratadas para os efeitos acima referidos, nos termos dos contratos celebradas com as mesmas. As entidades subcontratadas est\u00e3o vinculadas a esta por contrato escrito e apenas podem tratar os seus dados pessoais para as finalidades estabelecidas e n\u00e3o est\u00e3o autorizadas a trat\u00e1-los, direta ou indiretamente, para qualquer outra finalidade, em proveito pr\u00f3prio ou de terceiro.<\/p>\n<p>Existindo um interesse leg\u00edtimo na partilha de dados intragrupo, os seus dados pessoais podem ser transmitidos, para fins administrativos internos, entre as empresas do Grupo <strong>VALLIS<\/strong>. Por exemplo, a empresas dominadas ou participadas pela <strong>VALLIS<\/strong> ( em conjunto denominadas como \u201cGrupo VALLIS\u201d) ou agrupamentos complementares de empresas constitu\u00eddas pelo Grupo <strong>VALLIS<\/strong>, no \u00e2mbito das medidas de preven\u00e7\u00e3o de branqueamento de capitais, financiamento ao terrorismo e fraude, ou para fins de gest\u00e3o administrativa e financeira a n\u00edvel do Grupo.<\/p>\n<p>Em cumprimento de obriga\u00e7\u00f5es legais e\/ou contratuais, os seus dados pessoais poder\u00e3o ainda ser transmitidos a terceiros, para prossecu\u00e7\u00e3o de finalidades pr\u00f3prias, designadamente a bancos e seguradoras, autoridades judiciais, administrativas, de supervis\u00e3o ou regulat\u00f3rias<\/p>\n<p>Para facilitar a sua navega\u00e7\u00e3o no Website (designadamente para visualizar, atrav\u00e9s do Google Maps, a sua ou a nossa localiza\u00e7\u00e3o), os seus dados pessoais poder\u00e3o ser tratados pelas entidades gestoras das redes sociais ou das funcionalidades disponibilizadas, de acordo com as respetivas pol\u00edticas de privacidade, cuja leitura recomendamos, antes de navegar neste Website.<\/p>\n<h3>6. TRANSFER\u00caNCIAS DE DADOS PESSOAIS<\/h3>\n<p>Os seus dados pessoais n\u00e3o s\u00e3o transferidos para fora do Espa\u00e7o Economico Europeu (EEE). Excecionalmente, a VALLIS poder\u00e1 ter de recorrer a solu\u00e7\u00f5es e prestadores de servi\u00e7os localizados fora da Uni\u00e3o Europeia. Nestes casos, a <strong>VALLIS<\/strong> salvaguardar\u00e1 que seus dados pessoais beneficiam de um alto n\u00edvel de prote\u00e7\u00e3o nos termos da legisla\u00e7\u00e3o aplic\u00e1vel em mat\u00e9ria de dados pessoais, promovendo a transfer\u00eancia ao abrigo de uma decis\u00e3o de adequa\u00e7\u00e3o da Comiss\u00e3o Europeia ou das cl\u00e1usulas-tipo de prote\u00e7\u00e3o de dados (ou an\u00e1logas), aprovadas pela Comiss\u00e3o Europeia.<\/p>\n<h3>7. MEDIDAS DE SEGURAN\u00c7A<\/h3>\n<p>A <strong>VALLIS<\/strong> desenvolve os seus melhores esfor\u00e7os para proteger os dados pessoais dos Utilizadores contra acesso n\u00e3o autorizados. Para o efeito utiliza sistemas de seguran\u00e7a, regras e outros procedimentos, de modo a garantir a prote\u00e7\u00e3o dos dados pessoais, bem como para prevenir o acesso n\u00e3o autorizado aos dados, o uso impr\u00f3prio, a sua divulga\u00e7\u00e3o, perda ou destrui\u00e7\u00e3o. Para o efeito, a VALLIS tomou as seguintes medidas:<\/p>\n<ul>\n<li>Realiza\u00e7\u00e3o regular de backups de dados;<\/li>\n<li>Sensibilizando seus colaboradores e sua rede de agentes de boas pr\u00e1ticas;<\/li>\n<li>Protegendo sua rede interna de TI;<\/li>\n<li>Protegendo sua explica\u00e7\u00e3o e servidores de backup confiados a hosts profissionais; e<\/li>\n<li>Prote\u00e7\u00e3o f\u00edsica de suas instala\u00e7\u00f5es e seus servidores.<\/li>\n<\/ul>\n<p>\u00c9, no entanto, da responsabilidade dos Utilizadores, garantir e assegurar que os dispositivos e equipamentos utilizados para aceder a este Website se encontram adequadamente protegidos contra softwares nocivos, v\u00edrus inform\u00e1ticos e worms.<\/p>\n<h3>8. INFORMA\u00c7\u00c3O SOBRE COOKIES<\/h3>\n<p>Aconselhamos a leitura da Pol\u00edtica de Cookies, disponibilizada em <a href=\"https:\/\/vallis.pt\/es\/politica-cookies\/\">https:\/\/vallis.pt\/politica-cookies<\/a> e que constitui parte integrante da presente pol\u00edtica, para saber mais informa\u00e7\u00f5es a respeito do tratamento dos seus dados pessoais realizado atrav\u00e9s desta funcionalidade.<\/p>\n<h3>9. HIPERLIGA\u00c7\u00d5ES PARA OUTROS WEBSITES<\/h3>\n<p>A <strong>VALLIS<\/strong> poder\u00e1 disponibilizar hiperliga\u00e7\u00f5es para outros websites de interesse e n\u00e3o se responsabiliza pela pol\u00edtica de privacidade ou condi\u00e7\u00f5es de utiliza\u00e7\u00e3o desses mesmos websites. Recomendamos que ao aceder a outros websites, consulte as todas as informa\u00e7\u00f5es e condi\u00e7\u00f5es mencionadas anteriormente.<\/p>\n<h3>10. QUEST\u00d5ES E SUGEST\u00d5ES<\/h3>\n<p>O Utilizador poder\u00e1 contactar a VALLIS sobre todas as quest\u00f5es relacionadas com o tratamento dos seus dados e com o exerc\u00edcio dos direitos que lhe s\u00e3o conferidos ela legisla\u00e7\u00e3o aplic\u00e1vel e, em especial, pela presente Pol\u00edtica de Privacidade, atrav\u00e9s dos seguintes contactos:<\/p>\n<ul>\n<li>E-mail: <a href=\"mailto:info@vallis.pt\">info@vallis.pt<\/a>; ou<\/li>\n<li>Carta para o seguinte endere\u00e7o: Avenida da Boavista, 36, 1\u00ba Piso, 4050-112, no Porto.<\/li>\n<\/ul>\n<h3>11. A VALLIS acompanhar\u00e1 qualquer exerc\u00edcio de direitos com a maior brevidade poss\u00edvel. ALTERA\u00c7\u00d5ES \u00c0 POL\u00cdTICA DE PRIVACIDADE<\/h3>\n<p>A <strong>VALLIS<\/strong> reserva-se o direito de, a todo o momento, alterar a presente Pol\u00edtica de Privacidade. Essas altera\u00e7\u00f5es ser\u00e3o devidamente publicitadas no Website, em <a href=\"https:\/\/vallis.pt\/es\/\">https:\/\/vallis.pt<\/a>.<\/p>\n<p><strong>\u00daltima modifica\u00e7\u00e3o<\/strong>: 29 de Setembro, 2022.<\/p>\n","protected":false},"excerpt":{"rendered":"<p>1. ENQUADRAMENTO Esta Pol\u00edtica de Privacidade disponibiliza informa\u00e7\u00f5es sobre o tratamento dos dados pessoais dos utilizadores (doravante \u201cUtilizador\u201d ou \u201cUtilizadores\u201d) recolhidos no \u00e2mbito da utiliza\u00e7\u00e3o deste website https:\/\/www.vallis.pt\/ (doravante \u201cWebsite\u201d),. Poder\u00e3o ser Utilizadores do Website, sem limitar: i. Todos os visitantes do Website; ii. Visitantes que pretendam candidatar-se a oportunidades de emprego; iii. Todos os [&hellip;]<\/p>\n","protected":false},"author":2,"featured_media":0,"parent":0,"menu_order":0,"comment_status":"closed","ping_status":"closed","template":"","meta":{"_acf_changed":false,"footnotes":""},"class_list":["post-1981","page","type-page","status-publish","hentry"],"acf":[],"yoast_head":"<!-- This site is optimized with the Yoast SEO plugin v27.3 - https:\/\/yoast.com\/product\/yoast-seo-wordpress\/ -->\n<title>Pol\u00edtica de Privacidad - Vallis Capital Partners<\/title>\n<meta name=\"robots\" content=\"index, follow, max-snippet:-1, max-image-preview:large, max-video-preview:-1\" \/>\n<link rel=\"canonical\" href=\"https:\/\/vallis.pt\/es\/politica-de-privacidad\/\" \/>\n<meta property=\"og:locale\" content=\"es_ES\" \/>\n<meta property=\"og:type\" content=\"article\" \/>\n<meta property=\"og:title\" content=\"Pol\u00edtica de Privacidad - Vallis Capital Partners\" \/>\n<meta property=\"og:description\" content=\"1. ENQUADRAMENTO Esta Pol\u00edtica de Privacidade disponibiliza informa\u00e7\u00f5es sobre o tratamento dos dados pessoais dos utilizadores (doravante \u201cUtilizador\u201d ou \u201cUtilizadores\u201d) recolhidos no \u00e2mbito da utiliza\u00e7\u00e3o deste website https:\/\/www.vallis.pt\/ (doravante \u201cWebsite\u201d),. Poder\u00e3o ser Utilizadores do Website, sem limitar: i. Todos os visitantes do Website; ii. Visitantes que pretendam candidatar-se a oportunidades de emprego; iii. Todos os [&hellip;]\" \/>\n<meta property=\"og:url\" content=\"https:\/\/vallis.pt\/es\/politica-de-privacidad\/\" \/>\n<meta property=\"og:site_name\" content=\"Vallis Capital Partners\" \/>\n<meta property=\"article:modified_time\" content=\"2023-02-14T17:46:30+00:00\" \/>\n<meta name=\"twitter:card\" content=\"summary_large_image\" \/>\n<meta name=\"twitter:label1\" content=\"Tiempo de lectura\" \/>\n\t<meta name=\"twitter:data1\" content=\"11 minutos\" \/>\n<script type=\"application\/ld+json\" class=\"yoast-schema-graph\">{\"@context\":\"https:\\\/\\\/schema.org\",\"@graph\":[{\"@type\":\"WebPage\",\"@id\":\"https:\\\/\\\/vallis.pt\\\/es\\\/politica-de-privacidad\\\/\",\"url\":\"https:\\\/\\\/vallis.pt\\\/es\\\/politica-de-privacidad\\\/\",\"name\":\"Pol\u00edtica de Privacidad - Vallis Capital Partners\",\"isPartOf\":{\"@id\":\"https:\\\/\\\/vallis.pt\\\/#website\"},\"datePublished\":\"2022-09-28T14:56:09+00:00\",\"dateModified\":\"2023-02-14T17:46:30+00:00\",\"breadcrumb\":{\"@id\":\"https:\\\/\\\/vallis.pt\\\/es\\\/politica-de-privacidad\\\/#breadcrumb\"},\"inLanguage\":\"es\",\"potentialAction\":[{\"@type\":\"ReadAction\",\"target\":[\"https:\\\/\\\/vallis.pt\\\/es\\\/politica-de-privacidad\\\/\"]}]},{\"@type\":\"BreadcrumbList\",\"@id\":\"https:\\\/\\\/vallis.pt\\\/es\\\/politica-de-privacidad\\\/#breadcrumb\",\"itemListElement\":[{\"@type\":\"ListItem\",\"position\":1,\"name\":\"In\u00edcio\",\"item\":\"https:\\\/\\\/vallis.pt\\\/es\\\/\"},{\"@type\":\"ListItem\",\"position\":2,\"name\":\"Pol\u00edtica de Privacidad\"}]},{\"@type\":\"WebSite\",\"@id\":\"https:\\\/\\\/vallis.pt\\\/#website\",\"url\":\"https:\\\/\\\/vallis.pt\\\/\",\"name\":\"VALLIS Capital Partners\",\"description\":\"\",\"publisher\":{\"@id\":\"https:\\\/\\\/vallis.pt\\\/#organization\"},\"potentialAction\":[{\"@type\":\"SearchAction\",\"target\":{\"@type\":\"EntryPoint\",\"urlTemplate\":\"https:\\\/\\\/vallis.pt\\\/?s={search_term_string}\"},\"query-input\":{\"@type\":\"PropertyValueSpecification\",\"valueRequired\":true,\"valueName\":\"search_term_string\"}}],\"inLanguage\":\"es\"},{\"@type\":\"Organization\",\"@id\":\"https:\\\/\\\/vallis.pt\\\/#organization\",\"name\":\"VALLIS Capital Partners\",\"alternateName\":\"Gestora de Fundos Independente, focada exclusivamente em Capital de Risco Private Equity\",\"url\":\"https:\\\/\\\/vallis.pt\\\/\",\"logo\":{\"@type\":\"ImageObject\",\"inLanguage\":\"es\",\"@id\":\"https:\\\/\\\/vallis.pt\\\/#\\\/schema\\\/logo\\\/image\\\/\",\"url\":\"https:\\\/\\\/vallis.pt\\\/wp-content\\\/uploads\\\/2021\\\/12\\\/cropped-favicon-vallis.png\",\"contentUrl\":\"https:\\\/\\\/vallis.pt\\\/wp-content\\\/uploads\\\/2021\\\/12\\\/cropped-favicon-vallis.png\",\"width\":512,\"height\":512,\"caption\":\"VALLIS Capital Partners\"},\"image\":{\"@id\":\"https:\\\/\\\/vallis.pt\\\/#\\\/schema\\\/logo\\\/image\\\/\"},\"sameAs\":[\"https:\\\/\\\/www.linkedin.com\\\/company\\\/valliscapitalpartners\\\/\"]}]}<\/script>\n<!-- \/ Yoast SEO plugin. -->","yoast_head_json":{"title":"Pol\u00edtica de Privacidad - Vallis Capital Partners","robots":{"index":"index","follow":"follow","max-snippet":"max-snippet:-1","max-image-preview":"max-image-preview:large","max-video-preview":"max-video-preview:-1"},"canonical":"https:\/\/vallis.pt\/es\/politica-de-privacidad\/","og_locale":"es_ES","og_type":"article","og_title":"Pol\u00edtica de Privacidad - Vallis Capital Partners","og_description":"1. ENQUADRAMENTO Esta Pol\u00edtica de Privacidade disponibiliza informa\u00e7\u00f5es sobre o tratamento dos dados pessoais dos utilizadores (doravante \u201cUtilizador\u201d ou \u201cUtilizadores\u201d) recolhidos no \u00e2mbito da utiliza\u00e7\u00e3o deste website https:\/\/www.vallis.pt\/ (doravante \u201cWebsite\u201d),. Poder\u00e3o ser Utilizadores do Website, sem limitar: i. Todos os visitantes do Website; ii. Visitantes que pretendam candidatar-se a oportunidades de emprego; iii. Todos os [&hellip;]","og_url":"https:\/\/vallis.pt\/es\/politica-de-privacidad\/","og_site_name":"Vallis Capital Partners","article_modified_time":"2023-02-14T17:46:30+00:00","twitter_card":"summary_large_image","twitter_misc":{"Tiempo de lectura":"11 minutos"},"schema":{"@context":"https:\/\/schema.org","@graph":[{"@type":"WebPage","@id":"https:\/\/vallis.pt\/es\/politica-de-privacidad\/","url":"https:\/\/vallis.pt\/es\/politica-de-privacidad\/","name":"Pol\u00edtica de Privacidad - Vallis Capital Partners","isPartOf":{"@id":"https:\/\/vallis.pt\/#website"},"datePublished":"2022-09-28T14:56:09+00:00","dateModified":"2023-02-14T17:46:30+00:00","breadcrumb":{"@id":"https:\/\/vallis.pt\/es\/politica-de-privacidad\/#breadcrumb"},"inLanguage":"es","potentialAction":[{"@type":"ReadAction","target":["https:\/\/vallis.pt\/es\/politica-de-privacidad\/"]}]},{"@type":"BreadcrumbList","@id":"https:\/\/vallis.pt\/es\/politica-de-privacidad\/#breadcrumb","itemListElement":[{"@type":"ListItem","position":1,"name":"In\u00edcio","item":"https:\/\/vallis.pt\/es\/"},{"@type":"ListItem","position":2,"name":"Pol\u00edtica de Privacidad"}]},{"@type":"WebSite","@id":"https:\/\/vallis.pt\/#website","url":"https:\/\/vallis.pt\/","name":"VALLIS Capital Partners","description":"","publisher":{"@id":"https:\/\/vallis.pt\/#organization"},"potentialAction":[{"@type":"SearchAction","target":{"@type":"EntryPoint","urlTemplate":"https:\/\/vallis.pt\/?s={search_term_string}"},"query-input":{"@type":"PropertyValueSpecification","valueRequired":true,"valueName":"search_term_string"}}],"inLanguage":"es"},{"@type":"Organization","@id":"https:\/\/vallis.pt\/#organization","name":"VALLIS Capital Partners","alternateName":"Gestora de Fundos Independente, focada exclusivamente em Capital de Risco Private Equity","url":"https:\/\/vallis.pt\/","logo":{"@type":"ImageObject","inLanguage":"es","@id":"https:\/\/vallis.pt\/#\/schema\/logo\/image\/","url":"https:\/\/vallis.pt\/wp-content\/uploads\/2021\/12\/cropped-favicon-vallis.png","contentUrl":"https:\/\/vallis.pt\/wp-content\/uploads\/2021\/12\/cropped-favicon-vallis.png","width":512,"height":512,"caption":"VALLIS Capital Partners"},"image":{"@id":"https:\/\/vallis.pt\/#\/schema\/logo\/image\/"},"sameAs":["https:\/\/www.linkedin.com\/company\/valliscapitalpartners\/"]}]}},"_links":{"self":[{"href":"https:\/\/vallis.pt\/es\/wp-json\/wp\/v2\/pages\/1981","targetHints":{"allow":["GET"]}}],"collection":[{"href":"https:\/\/vallis.pt\/es\/wp-json\/wp\/v2\/pages"}],"about":[{"href":"https:\/\/vallis.pt\/es\/wp-json\/wp\/v2\/types\/page"}],"author":[{"embeddable":true,"href":"https:\/\/vallis.pt\/es\/wp-json\/wp\/v2\/users\/2"}],"replies":[{"embeddable":true,"href":"https:\/\/vallis.pt\/es\/wp-json\/wp\/v2\/comments?post=1981"}],"version-history":[{"count":0,"href":"https:\/\/vallis.pt\/es\/wp-json\/wp\/v2\/pages\/1981\/revisions"}],"wp:attachment":[{"href":"https:\/\/vallis.pt\/es\/wp-json\/wp\/v2\/media?parent=1981"}],"curies":[{"name":"wp","href":"https:\/\/api.w.org\/{rel}","templated":true}]}}