{"id":1989,"date":"2022-09-28T14:55:46","date_gmt":"2022-09-28T14:55:46","guid":{"rendered":"https:\/\/vallis.pt\/termos-condicoes\/"},"modified":"2023-02-14T17:46:44","modified_gmt":"2023-02-14T17:46:44","slug":"terminos-y-condiciones","status":"publish","type":"page","link":"https:\/\/vallis.pt\/es\/terminos-y-condiciones\/","title":{"rendered":"T\u00e9rminos y Condiciones"},"content":{"rendered":"<h3>1. INTRODU\u00c7\u00c3O<\/h3>\n<p>Os presentes Termos e Condi\u00e7\u00f5es regulam o acesso e utiliza\u00e7\u00e3o do website <a href=\"https:\/\/www.vallis.pt\/\">https:\/\/www.vallis.pt\/<\/a> (\u201cWebsite\u201d). O Website \u00e9 propriedade da <strong>VALLIS CAPITAL PARTNERS, S.A.<\/strong>, com sede em Avenida da Boavista, 36, 1\u00ba Piso, 4050-112, no Porto, com o n\u00famero \u00fanico de matr\u00edcula e pessoa coletiva 509302491 (doravante \u201cVALLIS\u201d).<\/p>\n<p>Ao utilizar ou visitar o Website ou alguma das informa\u00e7\u00f5es, ficheiros de dados, texto escrito, gr\u00e1ficos, links, ficheiros \u00e1udio ou outros sons, fotografias, v\u00eddeos ou outras imagens (em conjunto, \u201cConte\u00fados\u201d), atrav\u00e9s dele disponibilizados, est\u00e1, enquanto utilizador ou visitante dos mesmos (\u201cUtilizador\u201d), a aceitar (i) os presentes Termos e Condi\u00e7\u00f5es de Utiliza\u00e7\u00e3o (\u201cTermos e Condi\u00e7\u00f5es\u201d) e a confirmar que leu e compreendeu a (ii) Pol\u00edtica de Privacidade disponibilizada no Website, dispon\u00edvel para consulta <a href=\"https:\/\/vallis.pt\/politica-privacidade\">https:\/\/vallis.pt\/politica-privacidade<\/a>.<\/p>\n<p>O Website consiste num portal de consulta, com a finalidade de divulga\u00e7\u00e3o de produtos ou servi\u00e7os fornecidos pela <strong>VALLIS<\/strong> e angaria\u00e7\u00e3o de potenciais clientes.<\/p>\n<h3>2. RESPONSABILIDADE DOS UTILIZADORES<\/h3>\n<p>A VALLIS reserva o direito de alterar estes Termos e Condi\u00e7\u00f5es a qualquer momento, limitando-se a colocar as altera\u00e7\u00f5es online no Website, com a indica\u00e7\u00e3o da data de atualiza\u00e7\u00e3o, sendo da exclusiva responsabilidade do Utilizador a verifica\u00e7\u00e3o e cumprimento dos mesmos aquando de cada utiliza\u00e7\u00e3o. A utiliza\u00e7\u00e3o do Website depois da publica\u00e7\u00e3o das altera\u00e7\u00f5es constitui a aceita\u00e7\u00e3o da reda\u00e7\u00e3o atualizada dos Termos e Condi\u00e7\u00f5es. Caso n\u00e3o esteja de acordo com as altera\u00e7\u00f5es efetuadas ou, de um modo geral, com os Termos e Condi\u00e7\u00f5es, deve deixar, de imediato, de utilizar o Website e os Servi\u00e7os.<\/p>\n<p>Ao aceder, utilizar e descarregar materiais do Website, o Utilizador concorda, em seu nome e\/ou em representa\u00e7\u00e3o da entidade em nome de quem estiver a atuar, cumprir pontualmente com o disposto nos presentes Termos e Condi\u00e7\u00f5es, garantindo ter poderes para atuar em nome do terceiro que representa, se assim se mostrar necess\u00e1rio.<\/p>\n<p>Est\u00e1 expressamente proibida a utiliza\u00e7\u00e3o do Website para outros fins que n\u00e3o aqueles a que o Website se destina, incluindo fins ilegais ou quaisquer outros que possam ser considerados prejudiciais para a imagem da VALLIS. A usurpa\u00e7\u00e3o, contrafa\u00e7\u00e3o, aproveitamento do conte\u00fado usurpado ou contrafeito, a identifica\u00e7\u00e3o ileg\u00edtima e a concorr\u00eancia desleal acarretam responsabilidade criminal e\/ou contraordenacional.<br \/>\n\u00c9 tamb\u00e9m proibido ao Utilizador criar ou introduzir neste Website quaisquer tipos de v\u00edrus ou programas que o danifiquem ou contaminem ou aconselhar terceiros a faz\u00ea-lo.<\/p>\n<h3>3. PROPRIEDADE INTELECTUAL<\/h3>\n<p>Toda a informa\u00e7\u00e3o contida no Website e todos os dados e informa\u00e7\u00f5es compilados pela <strong>VALLIS<\/strong> a ela associados (tais como ficheiros de dados, texto escrito, Software, m\u00fasica, ficheiros \u00e1udio ou outros sons, fotografias, v\u00eddeos ou outras imagens) aos quais tenha acesso atrav\u00e9s da sua utiliza\u00e7\u00e3o s\u00e3o considerados conte\u00fados da <strong>VALLIS<\/strong>. N\u00e3o \u00e9 permitido ao Utilizador modificar, locar, comodatar, mutuar, vender, distribuir ou criar uma obra derivada com base nos referidos conte\u00fados (parcial ou totalmente), a menos que tenha sido expressamente autorizado por escrito para o efeito pela <strong>VALLIS<\/strong> ou por terceiro que detenha a respetiva propriedade intelectual e direitos da personalidade.<\/p>\n<p>O Utilizador reconhece e concorda que a <strong>VALLIS<\/strong> det\u00e9m todos os direitos de propriedade intelectual (quer esses direitos estejam registados ou n\u00e3o e em qualquer parte do mundo onde esses direitos possam existir) relativos aos conte\u00fados do Website. A <strong>VALLIS<\/strong> det\u00e9m todos os direitos n\u00e3o concedidos expressamente ao Utilizador nos presentes Termos e Condi\u00e7\u00f5es.<\/p>\n<p><strong>Marcas e Afins<\/strong><\/p>\n<p>A menos que tenha expressamente sido autorizado pela <strong>VALLIS<\/strong> a faz\u00ea-lo, nada nestes Termos e Condi\u00e7\u00f5es confere ao Utilizador o direito de utilizar qualquer das marcas registadas, marcas comerciais, marcas de servi\u00e7os, log\u00f3tipos, nomes de dom\u00ednios e outras caracter\u00edsticas de marca distintivas da <strong>VALLIS<\/strong>.<\/p>\n<h3>5. LIMITA\u00c7\u00c3O DA RESPONSABILIDADE<\/h3>\n<p>A <strong>VALLIS<\/strong> usar\u00e1 a dilig\u00eancia razo\u00e1vel no sentido de assegurar que toda a informa\u00e7\u00e3o contida no Website \u00e9 exata e se encontra atualizada. Contudo, o uso e a leitura dos conte\u00fados deste Website s\u00e3o realizados exclusivamente por conta e risco do Utilizador e s\u00e3o disponibilizados tal como se encontram. Ao aceder ao Website, o Utilizador reconhece e aceita que o conte\u00fado do mesmo poder\u00e1 estar incompleto, impreciso, n\u00e3o atualizado, ou que poder\u00e1 n\u00e3o satisfazer as suas necessidades e requisitos.<\/p>\n<p>Os Utilizadores s\u00e3o os \u00fanicos e exclusivos respons\u00e1veis pela utiliza\u00e7\u00e3o que fizerem do Website e dos seus conte\u00fados e, bem assim, pela avalia\u00e7\u00e3o da informa\u00e7\u00e3o obtida atrav\u00e9s do Website.<\/p>\n<p>A <strong>VALLIS<\/strong> adota medidas de seguran\u00e7a adequadas para detetar a exist\u00eancia de v\u00edrus. N\u00e3o obstante, o Utilizador deve estar consciente de que as medidas de seguran\u00e7a dos sistemas inform\u00e1ticos na Internet n\u00e3o s\u00e3o inteiramente fi\u00e1veis e que, portanto, a <strong>VALLIS<\/strong> n\u00e3o pode garantir a inexist\u00eancia de v\u00edrus ou outros elementos que possam produzir altera\u00e7\u00f5es nos sistemas inform\u00e1ticos (software e hardware) do Utilizador ou nos documentos eletr\u00f3nicos e ficheiros contidos nos mesmos.<\/p>\n<p>A <strong>VALLIS<\/strong> n\u00e3o assume qualquer responsabilidade por danos resultantes da impossibilidade de acesso aos servi\u00e7os disponibilizados atrav\u00e9s do Website ou por danos causados por v\u00edrus, interrup\u00e7\u00f5es do servi\u00e7o, cancelamento de conte\u00fados, quest\u00f5es relacionadas com a Internet, ou relacionados com a inexist\u00eancia e\/ou deficiente funcionamento de dispositivos eletr\u00f3nicos do Utilizador.<br \/>\nCaso discorde, parcial ou totalmente, do Website, ou ainda destes Termos e Condi\u00e7\u00f5es, disp\u00f5e apenas da faculdade de deixar de utilizar o Website.<\/p>\n<h3>6. LIGA\u00c7\u00d5ES PARA OUTROS WEBSITES<\/h3>\n<p>Para facilitar a acessibilidade do utilizador, a <strong>VALLIS<\/strong> pode incluir liga\u00e7\u00f5es para websites na internet que sejam detidos ou operados por terceiros. Quando utilizar as liga\u00e7\u00f5es para esses websites de terceiros, o utilizador deve rever e aceitar as regras desse Website antes de o utilizar. O utilizador deve tamb\u00e9m aceitar que a <strong>VALLIS<\/strong> n\u00e3o controla o conte\u00fado desse website e n\u00e3o pode assumir qualquer responsabilidade pelos materiais criados ou publicados por esses websites de terceiros. Para al\u00e9m disso, a eventual disponibiliza\u00e7\u00e3o de liga\u00e7\u00f5es para um website que n\u00e3o seja da <strong>VALLIS<\/strong> \u00e9 inclu\u00edda apenas para fins exclusivamente informativos e para conveni\u00eancia do Utilizador, n\u00e3o significando que esta apoie o website ou os produtos e servi\u00e7os a\u00ed referenciados.<\/p>\n<h3>7. POL\u00cdTICA DE PRIVACIDADE<\/h3>\n<p>A Pol\u00edtica de Privacidade encontra-se dispon\u00edvel em <a href=\"https:\/\/vallis.pt\/politica-privacidade\">https:\/\/vallis.pt\/politica-privacidade<\/a>. O documento cont\u00e9m uma explica\u00e7\u00e3o dos procedimentos adotados pela <strong>VALLIS<\/strong>, no \u00e2mbito do tratamento de dados pessoais dos seus Utilizadores e da prote\u00e7\u00e3o da sua privacidade, aquando da utiliza\u00e7\u00e3o do Website.<\/p>\n<h3>8. CONTACTOS<\/h3>\n<p>Caso o Utilizador tenha alguma d\u00favida sobre os presentes Termos e Condi\u00e7\u00f5es ou qualquer coment\u00e1rio sobre o Website, poder\u00e1 entrar em contacto atrav\u00e9s do seguinte e-mail: info@vallis.pt.<\/p>\n<h3>9. DISPOSI\u00c7\u00d5ES DIVERSAS<\/h3>\n<p>Caso uma ou mais disposi\u00e7\u00f5es dos presentes Termos e Condi\u00e7\u00f5es sejam consideradas inv\u00e1lidas, ou declaradas como tal por aplica\u00e7\u00e3o da lei ou de uma decis\u00e3o definitiva emanada de um tribunal competente, as restantes disposi\u00e7\u00f5es manter-se-\u00e3o v\u00e1lidas e eficazes.<\/p>\n<p>Os Termos e Condi\u00e7\u00f5es, bem como a rela\u00e7\u00e3o do Utilizador com a <strong>VALLIS<\/strong> de acordo com os mesmos, s\u00e3o regidos pela lei portuguesa aplic\u00e1vel. O Utilizador e a <strong>VALLIS<\/strong> concordam em submeter \u00e0 exclusiva jurisdi\u00e7\u00e3o dos tribunais judiciais da comarca do Porto a resolu\u00e7\u00e3o de quaisquer quest\u00f5es legais resultantes dos Termos e Condi\u00e7\u00f5es, sem preju\u00edzo das normas legais imperativas aplic\u00e1veis. N\u00e3o obstante o referido, a <strong>VALLIS<\/strong> pode vir a aplicar medidas cautelares (ou de tipo equivalente de compensa\u00e7\u00e3o legal urgente) em qualquer jurisdi\u00e7\u00e3o.<\/p>\n","protected":false},"excerpt":{"rendered":"<p>1. INTRODU\u00c7\u00c3O Os presentes Termos e Condi\u00e7\u00f5es regulam o acesso e utiliza\u00e7\u00e3o do website https:\/\/www.vallis.pt\/ (\u201cWebsite\u201d). O Website \u00e9 propriedade da VALLIS CAPITAL PARTNERS, S.A., com sede em Avenida da Boavista, 36, 1\u00ba Piso, 4050-112, no Porto, com o n\u00famero \u00fanico de matr\u00edcula e pessoa coletiva 509302491 (doravante \u201cVALLIS\u201d). Ao utilizar ou visitar o Website [&hellip;]<\/p>\n","protected":false},"author":2,"featured_media":0,"parent":0,"menu_order":0,"comment_status":"closed","ping_status":"closed","template":"","meta":{"_acf_changed":false,"footnotes":""},"class_list":["post-1989","page","type-page","status-publish","hentry"],"acf":[],"yoast_head":"<!-- This site is optimized with the Yoast SEO plugin v27.3 - https:\/\/yoast.com\/product\/yoast-seo-wordpress\/ -->\n<title>T\u00e9rminos y Condiciones - Vallis Capital Partners<\/title>\n<meta name=\"robots\" content=\"index, follow, max-snippet:-1, max-image-preview:large, max-video-preview:-1\" \/>\n<link rel=\"canonical\" href=\"https:\/\/vallis.pt\/es\/terminos-y-condiciones\/\" \/>\n<meta property=\"og:locale\" content=\"es_ES\" \/>\n<meta property=\"og:type\" content=\"article\" \/>\n<meta property=\"og:title\" content=\"T\u00e9rminos y Condiciones - Vallis Capital Partners\" \/>\n<meta property=\"og:description\" content=\"1. INTRODU\u00c7\u00c3O Os presentes Termos e Condi\u00e7\u00f5es regulam o acesso e utiliza\u00e7\u00e3o do website https:\/\/www.vallis.pt\/ (\u201cWebsite\u201d). O Website \u00e9 propriedade da VALLIS CAPITAL PARTNERS, S.A., com sede em Avenida da Boavista, 36, 1\u00ba Piso, 4050-112, no Porto, com o n\u00famero \u00fanico de matr\u00edcula e pessoa coletiva 509302491 (doravante \u201cVALLIS\u201d). Ao utilizar ou visitar o Website [&hellip;]\" \/>\n<meta property=\"og:url\" content=\"https:\/\/vallis.pt\/es\/terminos-y-condiciones\/\" \/>\n<meta property=\"og:site_name\" content=\"Vallis Capital Partners\" \/>\n<meta property=\"article:modified_time\" content=\"2023-02-14T17:46:44+00:00\" \/>\n<meta name=\"twitter:card\" content=\"summary_large_image\" \/>\n<meta name=\"twitter:label1\" content=\"Tiempo de lectura\" \/>\n\t<meta name=\"twitter:data1\" content=\"7 minutos\" \/>\n<script type=\"application\/ld+json\" class=\"yoast-schema-graph\">{\"@context\":\"https:\\\/\\\/schema.org\",\"@graph\":[{\"@type\":\"WebPage\",\"@id\":\"https:\\\/\\\/vallis.pt\\\/es\\\/terminos-y-condiciones\\\/\",\"url\":\"https:\\\/\\\/vallis.pt\\\/es\\\/terminos-y-condiciones\\\/\",\"name\":\"T\u00e9rminos y Condiciones - Vallis Capital Partners\",\"isPartOf\":{\"@id\":\"https:\\\/\\\/vallis.pt\\\/#website\"},\"datePublished\":\"2022-09-28T14:55:46+00:00\",\"dateModified\":\"2023-02-14T17:46:44+00:00\",\"breadcrumb\":{\"@id\":\"https:\\\/\\\/vallis.pt\\\/es\\\/terminos-y-condiciones\\\/#breadcrumb\"},\"inLanguage\":\"es\",\"potentialAction\":[{\"@type\":\"ReadAction\",\"target\":[\"https:\\\/\\\/vallis.pt\\\/es\\\/terminos-y-condiciones\\\/\"]}]},{\"@type\":\"BreadcrumbList\",\"@id\":\"https:\\\/\\\/vallis.pt\\\/es\\\/terminos-y-condiciones\\\/#breadcrumb\",\"itemListElement\":[{\"@type\":\"ListItem\",\"position\":1,\"name\":\"In\u00edcio\",\"item\":\"https:\\\/\\\/vallis.pt\\\/es\\\/\"},{\"@type\":\"ListItem\",\"position\":2,\"name\":\"T\u00e9rminos y Condiciones\"}]},{\"@type\":\"WebSite\",\"@id\":\"https:\\\/\\\/vallis.pt\\\/#website\",\"url\":\"https:\\\/\\\/vallis.pt\\\/\",\"name\":\"VALLIS Capital Partners\",\"description\":\"\",\"publisher\":{\"@id\":\"https:\\\/\\\/vallis.pt\\\/#organization\"},\"potentialAction\":[{\"@type\":\"SearchAction\",\"target\":{\"@type\":\"EntryPoint\",\"urlTemplate\":\"https:\\\/\\\/vallis.pt\\\/?s={search_term_string}\"},\"query-input\":{\"@type\":\"PropertyValueSpecification\",\"valueRequired\":true,\"valueName\":\"search_term_string\"}}],\"inLanguage\":\"es\"},{\"@type\":\"Organization\",\"@id\":\"https:\\\/\\\/vallis.pt\\\/#organization\",\"name\":\"VALLIS Capital Partners\",\"alternateName\":\"Gestora de Fundos Independente, focada exclusivamente em Capital de Risco Private Equity\",\"url\":\"https:\\\/\\\/vallis.pt\\\/\",\"logo\":{\"@type\":\"ImageObject\",\"inLanguage\":\"es\",\"@id\":\"https:\\\/\\\/vallis.pt\\\/#\\\/schema\\\/logo\\\/image\\\/\",\"url\":\"https:\\\/\\\/vallis.pt\\\/wp-content\\\/uploads\\\/2021\\\/12\\\/cropped-favicon-vallis.png\",\"contentUrl\":\"https:\\\/\\\/vallis.pt\\\/wp-content\\\/uploads\\\/2021\\\/12\\\/cropped-favicon-vallis.png\",\"width\":512,\"height\":512,\"caption\":\"VALLIS Capital Partners\"},\"image\":{\"@id\":\"https:\\\/\\\/vallis.pt\\\/#\\\/schema\\\/logo\\\/image\\\/\"},\"sameAs\":[\"https:\\\/\\\/www.linkedin.com\\\/company\\\/valliscapitalpartners\\\/\"]}]}<\/script>\n<!-- \/ Yoast SEO plugin. -->","yoast_head_json":{"title":"T\u00e9rminos y Condiciones - Vallis Capital Partners","robots":{"index":"index","follow":"follow","max-snippet":"max-snippet:-1","max-image-preview":"max-image-preview:large","max-video-preview":"max-video-preview:-1"},"canonical":"https:\/\/vallis.pt\/es\/terminos-y-condiciones\/","og_locale":"es_ES","og_type":"article","og_title":"T\u00e9rminos y Condiciones - Vallis Capital Partners","og_description":"1. INTRODU\u00c7\u00c3O Os presentes Termos e Condi\u00e7\u00f5es regulam o acesso e utiliza\u00e7\u00e3o do website https:\/\/www.vallis.pt\/ (\u201cWebsite\u201d). O Website \u00e9 propriedade da VALLIS CAPITAL PARTNERS, S.A., com sede em Avenida da Boavista, 36, 1\u00ba Piso, 4050-112, no Porto, com o n\u00famero \u00fanico de matr\u00edcula e pessoa coletiva 509302491 (doravante \u201cVALLIS\u201d). Ao utilizar ou visitar o Website [&hellip;]","og_url":"https:\/\/vallis.pt\/es\/terminos-y-condiciones\/","og_site_name":"Vallis Capital Partners","article_modified_time":"2023-02-14T17:46:44+00:00","twitter_card":"summary_large_image","twitter_misc":{"Tiempo de lectura":"7 minutos"},"schema":{"@context":"https:\/\/schema.org","@graph":[{"@type":"WebPage","@id":"https:\/\/vallis.pt\/es\/terminos-y-condiciones\/","url":"https:\/\/vallis.pt\/es\/terminos-y-condiciones\/","name":"T\u00e9rminos y Condiciones - Vallis Capital Partners","isPartOf":{"@id":"https:\/\/vallis.pt\/#website"},"datePublished":"2022-09-28T14:55:46+00:00","dateModified":"2023-02-14T17:46:44+00:00","breadcrumb":{"@id":"https:\/\/vallis.pt\/es\/terminos-y-condiciones\/#breadcrumb"},"inLanguage":"es","potentialAction":[{"@type":"ReadAction","target":["https:\/\/vallis.pt\/es\/terminos-y-condiciones\/"]}]},{"@type":"BreadcrumbList","@id":"https:\/\/vallis.pt\/es\/terminos-y-condiciones\/#breadcrumb","itemListElement":[{"@type":"ListItem","position":1,"name":"In\u00edcio","item":"https:\/\/vallis.pt\/es\/"},{"@type":"ListItem","position":2,"name":"T\u00e9rminos y Condiciones"}]},{"@type":"WebSite","@id":"https:\/\/vallis.pt\/#website","url":"https:\/\/vallis.pt\/","name":"VALLIS Capital Partners","description":"","publisher":{"@id":"https:\/\/vallis.pt\/#organization"},"potentialAction":[{"@type":"SearchAction","target":{"@type":"EntryPoint","urlTemplate":"https:\/\/vallis.pt\/?s={search_term_string}"},"query-input":{"@type":"PropertyValueSpecification","valueRequired":true,"valueName":"search_term_string"}}],"inLanguage":"es"},{"@type":"Organization","@id":"https:\/\/vallis.pt\/#organization","name":"VALLIS Capital Partners","alternateName":"Gestora de Fundos Independente, focada exclusivamente em Capital de Risco Private Equity","url":"https:\/\/vallis.pt\/","logo":{"@type":"ImageObject","inLanguage":"es","@id":"https:\/\/vallis.pt\/#\/schema\/logo\/image\/","url":"https:\/\/vallis.pt\/wp-content\/uploads\/2021\/12\/cropped-favicon-vallis.png","contentUrl":"https:\/\/vallis.pt\/wp-content\/uploads\/2021\/12\/cropped-favicon-vallis.png","width":512,"height":512,"caption":"VALLIS Capital Partners"},"image":{"@id":"https:\/\/vallis.pt\/#\/schema\/logo\/image\/"},"sameAs":["https:\/\/www.linkedin.com\/company\/valliscapitalpartners\/"]}]}},"_links":{"self":[{"href":"https:\/\/vallis.pt\/es\/wp-json\/wp\/v2\/pages\/1989","targetHints":{"allow":["GET"]}}],"collection":[{"href":"https:\/\/vallis.pt\/es\/wp-json\/wp\/v2\/pages"}],"about":[{"href":"https:\/\/vallis.pt\/es\/wp-json\/wp\/v2\/types\/page"}],"author":[{"embeddable":true,"href":"https:\/\/vallis.pt\/es\/wp-json\/wp\/v2\/users\/2"}],"replies":[{"embeddable":true,"href":"https:\/\/vallis.pt\/es\/wp-json\/wp\/v2\/comments?post=1989"}],"version-history":[{"count":0,"href":"https:\/\/vallis.pt\/es\/wp-json\/wp\/v2\/pages\/1989\/revisions"}],"wp:attachment":[{"href":"https:\/\/vallis.pt\/es\/wp-json\/wp\/v2\/media?parent=1989"}],"curies":[{"name":"wp","href":"https:\/\/api.w.org\/{rel}","templated":true}]}}